{"id":8182,"date":"2018-07-20T11:35:45","date_gmt":"2018-07-20T15:35:45","guid":{"rendered":"https:\/\/galerie2017.uqam.ca\/collection\/la-petite-collection\/"},"modified":"2024-05-27T16:53:27","modified_gmt":"2024-05-27T20:53:27","slug":"la-petite-collection","status":"publish","type":"page","link":"https:\/\/galerie.uqam.ca\/en\/the-collection\/la-petite-collection\/","title":{"rendered":"La Petite Collection"},"content":{"rendered":"<p>Since 2009, Galerie de l\u2019UQAM is developing a curio cabinet called La Petite Collection. This collection comprises artists\u2019 multiples produced for the most part in limited editions. The project stems from a scientific and museological approach designed to expand and enhance the educational function of the Collection d\u2019\u0153uvres d\u2019art de l\u2019UQAM.<\/p>\n<p>A contemporary curio cabinet devoted primarily to signed and numbered objects serves as a corpus for investigating new modes of exhibition, promote openness to objects of different statuses and, thus, lead to innovation in new avenues of collecting. La Petite Collection also serves to illustrate a process employed by some contemporary artists and to represent the practices of nationally and internationally known artists.<\/p>\n<h4>Discover La Petite Collection in a clip produced by Mus\u00e9e Montr\u00e9al:<\/h4>\n\n\n<figure class=\"wp-block-embed is-type-video is-provider-vimeo wp-block-embed-vimeo wp-embed-aspect-16-9 wp-has-aspect-ratio\"><div class=\"wp-block-embed__wrapper\">\n<iframe loading=\"lazy\" title=\"Le secret le mieux gard\u00e9 de la Galerie de l&#039;UQAM : La Petite collection\" src=\"https:\/\/player.vimeo.com\/video\/950868034?dnt=1&amp;app_id=122963\" width=\"500\" height=\"281\" frameborder=\"0\" allow=\"autoplay; fullscreen; picture-in-picture; clipboard-write\"><\/iframe>\n<\/div><\/figure>\n","protected":false},"excerpt":{"rendered":"<p>Since 2009, Galerie de l\u2019UQAM is developing a curio cabinet called La Petite Collection. This collection comprises artists\u2019 multiples produced for the most part in limited editions. The project stems from a scientific and museological approach designed to expand and enhance the educational function of the Collection d\u2019\u0153uvres d\u2019art de l\u2019UQAM.<\/p>\n","protected":false},"author":1,"featured_media":0,"parent":8176,"menu_order":0,"comment_status":"closed","ping_status":"closed","template":"","meta":{"_acf_changed":false,"_monsterinsights_skip_tracking":false,"_monsterinsights_sitenote_active":false,"_monsterinsights_sitenote_note":"","_monsterinsights_sitenote_category":0,"footnotes":""},"class_list":["post-8182","page","type-page","status-publish","hentry"],"acf":[],"yoast_head":"<!-- This site is optimized with the Yoast SEO plugin v27.3 - https:\/\/yoast.com\/product\/yoast-seo-wordpress\/ -->\n<title>La Petite Collection - Galerie de l&#039;UQAM<\/title>\n<meta name=\"robots\" content=\"index, follow, max-snippet:-1, max-image-preview:large, max-video-preview:-1\" \/>\n<link rel=\"canonical\" href=\"https:\/\/galerie.uqam.ca\/en\/the-collection\/la-petite-collection\/\" \/>\n<meta property=\"og:locale\" content=\"en_US\" \/>\n<meta property=\"og:type\" content=\"article\" \/>\n<meta property=\"og:title\" content=\"La Petite Collection - Galerie de l&#039;UQAM\" \/>\n<meta property=\"og:description\" content=\"Since 2009, Galerie de l\u2019UQAM is developing a curio cabinet called La Petite Collection. This collection comprises artists\u2019 multiples produced for the most part in limited editions. The project stems from a scientific and museological approach designed to expand and enhance the educational function of the Collection d\u2019\u0153uvres d\u2019art de l\u2019UQAM.\" \/>\n<meta property=\"og:url\" content=\"https:\/\/galerie.uqam.ca\/en\/the-collection\/la-petite-collection\/\" \/>\n<meta property=\"og:site_name\" content=\"Galerie de l&#039;UQAM\" \/>\n<meta property=\"article:modified_time\" content=\"2024-05-27T20:53:27+00:00\" \/>\n<meta property=\"og:image\" content=\"https:\/\/galerie.uqam.ca\/wp-content\/uploads\/2018\/02\/Logo_GalerieUQAM.jpg\" \/>\n\t<meta property=\"og:image:width\" content=\"1105\" \/>\n\t<meta property=\"og:image:height\" content=\"1537\" \/>\n\t<meta property=\"og:image:type\" content=\"image\/jpeg\" \/>\n<meta name=\"twitter:card\" content=\"summary_large_image\" \/>\n<meta name=\"twitter:label1\" content=\"Est. reading time\" \/>\n\t<meta name=\"twitter:data1\" content=\"1 minute\" \/>\n<script type=\"application\/ld+json\" class=\"yoast-schema-graph\">{\"@context\":\"https:\\\/\\\/schema.org\",\"@graph\":[{\"@type\":\"WebPage\",\"@id\":\"https:\\\/\\\/galerie.uqam.ca\\\/en\\\/the-collection\\\/la-petite-collection\\\/\",\"url\":\"https:\\\/\\\/galerie.uqam.ca\\\/en\\\/the-collection\\\/la-petite-collection\\\/\",\"name\":\"La Petite Collection - Galerie de l&#039;UQAM\",\"isPartOf\":{\"@id\":\"https:\\\/\\\/galerie.uqam.ca\\\/#website\"},\"datePublished\":\"2018-07-20T15:35:45+00:00\",\"dateModified\":\"2024-05-27T20:53:27+00:00\",\"breadcrumb\":{\"@id\":\"https:\\\/\\\/galerie.uqam.ca\\\/en\\\/the-collection\\\/la-petite-collection\\\/#breadcrumb\"},\"inLanguage\":\"en-US\",\"potentialAction\":[{\"@type\":\"ReadAction\",\"target\":[\"https:\\\/\\\/galerie.uqam.ca\\\/en\\\/the-collection\\\/la-petite-collection\\\/\"]}]},{\"@type\":\"BreadcrumbList\",\"@id\":\"https:\\\/\\\/galerie.uqam.ca\\\/en\\\/the-collection\\\/la-petite-collection\\\/#breadcrumb\",\"itemListElement\":[{\"@type\":\"ListItem\",\"position\":1,\"name\":\"Home\",\"item\":\"https:\\\/\\\/galerie.uqam.ca\\\/\"},{\"@type\":\"ListItem\",\"position\":2,\"name\":\"Collection\",\"item\":\"https:\\\/\\\/galerie.uqam.ca\\\/en\\\/the-collection\\\/\"},{\"@type\":\"ListItem\",\"position\":3,\"name\":\"La Petite Collection\"}]},{\"@type\":\"WebSite\",\"@id\":\"https:\\\/\\\/galerie.uqam.ca\\\/#website\",\"url\":\"https:\\\/\\\/galerie.uqam.ca\\\/\",\"name\":\"Galerie de l&#039;UQAM\",\"description\":\"La Galerie de l\u2019UQAM est une galerie universitaire d\u00e9di\u00e9e \u00e0 l\u2019art contemporain.\",\"publisher\":{\"@id\":\"https:\\\/\\\/galerie.uqam.ca\\\/#organization\"},\"potentialAction\":[{\"@type\":\"SearchAction\",\"target\":{\"@type\":\"EntryPoint\",\"urlTemplate\":\"https:\\\/\\\/galerie.uqam.ca\\\/?s={search_term_string}\"},\"query-input\":{\"@type\":\"PropertyValueSpecification\",\"valueRequired\":true,\"valueName\":\"search_term_string\"}}],\"inLanguage\":\"en-US\"},{\"@type\":\"Organization\",\"@id\":\"https:\\\/\\\/galerie.uqam.ca\\\/#organization\",\"name\":\"Galerie de l&#039;UQAM\",\"url\":\"https:\\\/\\\/galerie.uqam.ca\\\/\",\"logo\":{\"@type\":\"ImageObject\",\"inLanguage\":\"en-US\",\"@id\":\"https:\\\/\\\/galerie.uqam.ca\\\/#\\\/schema\\\/logo\\\/image\\\/\",\"url\":\"https:\\\/\\\/galerie.uqam.ca\\\/wp-content\\\/uploads\\\/2018\\\/02\\\/Logo_GalerieUQAM.jpg\",\"contentUrl\":\"https:\\\/\\\/galerie.uqam.ca\\\/wp-content\\\/uploads\\\/2018\\\/02\\\/Logo_GalerieUQAM.jpg\",\"width\":1105,\"height\":1537,\"caption\":\"Galerie de l&#039;UQAM\"},\"image\":{\"@id\":\"https:\\\/\\\/galerie.uqam.ca\\\/#\\\/schema\\\/logo\\\/image\\\/\"}}]}<\/script>\n<!-- \/ Yoast SEO plugin. -->","yoast_head_json":{"title":"La Petite Collection - Galerie de l&#039;UQAM","robots":{"index":"index","follow":"follow","max-snippet":"max-snippet:-1","max-image-preview":"max-image-preview:large","max-video-preview":"max-video-preview:-1"},"canonical":"https:\/\/galerie.uqam.ca\/en\/the-collection\/la-petite-collection\/","og_locale":"en_US","og_type":"article","og_title":"La Petite Collection - Galerie de l&#039;UQAM","og_description":"Since 2009, Galerie de l\u2019UQAM is developing a curio cabinet called La Petite Collection. This collection comprises artists\u2019 multiples produced for the most part in limited editions. The project stems from a scientific and museological approach designed to expand and enhance the educational function of the Collection d\u2019\u0153uvres d\u2019art de l\u2019UQAM.","og_url":"https:\/\/galerie.uqam.ca\/en\/the-collection\/la-petite-collection\/","og_site_name":"Galerie de l&#039;UQAM","article_modified_time":"2024-05-27T20:53:27+00:00","og_image":[{"width":1105,"height":1537,"url":"https:\/\/galerie.uqam.ca\/wp-content\/uploads\/2018\/02\/Logo_GalerieUQAM.jpg","type":"image\/jpeg"}],"twitter_card":"summary_large_image","twitter_misc":{"Est. reading time":"1 minute"},"schema":{"@context":"https:\/\/schema.org","@graph":[{"@type":"WebPage","@id":"https:\/\/galerie.uqam.ca\/en\/the-collection\/la-petite-collection\/","url":"https:\/\/galerie.uqam.ca\/en\/the-collection\/la-petite-collection\/","name":"La Petite Collection - Galerie de l&#039;UQAM","isPartOf":{"@id":"https:\/\/galerie.uqam.ca\/#website"},"datePublished":"2018-07-20T15:35:45+00:00","dateModified":"2024-05-27T20:53:27+00:00","breadcrumb":{"@id":"https:\/\/galerie.uqam.ca\/en\/the-collection\/la-petite-collection\/#breadcrumb"},"inLanguage":"en-US","potentialAction":[{"@type":"ReadAction","target":["https:\/\/galerie.uqam.ca\/en\/the-collection\/la-petite-collection\/"]}]},{"@type":"BreadcrumbList","@id":"https:\/\/galerie.uqam.ca\/en\/the-collection\/la-petite-collection\/#breadcrumb","itemListElement":[{"@type":"ListItem","position":1,"name":"Home","item":"https:\/\/galerie.uqam.ca\/"},{"@type":"ListItem","position":2,"name":"Collection","item":"https:\/\/galerie.uqam.ca\/en\/the-collection\/"},{"@type":"ListItem","position":3,"name":"La Petite Collection"}]},{"@type":"WebSite","@id":"https:\/\/galerie.uqam.ca\/#website","url":"https:\/\/galerie.uqam.ca\/","name":"Galerie de l&#039;UQAM","description":"La Galerie de l\u2019UQAM est une galerie universitaire d\u00e9di\u00e9e \u00e0 l\u2019art contemporain.","publisher":{"@id":"https:\/\/galerie.uqam.ca\/#organization"},"potentialAction":[{"@type":"SearchAction","target":{"@type":"EntryPoint","urlTemplate":"https:\/\/galerie.uqam.ca\/?s={search_term_string}"},"query-input":{"@type":"PropertyValueSpecification","valueRequired":true,"valueName":"search_term_string"}}],"inLanguage":"en-US"},{"@type":"Organization","@id":"https:\/\/galerie.uqam.ca\/#organization","name":"Galerie de l&#039;UQAM","url":"https:\/\/galerie.uqam.ca\/","logo":{"@type":"ImageObject","inLanguage":"en-US","@id":"https:\/\/galerie.uqam.ca\/#\/schema\/logo\/image\/","url":"https:\/\/galerie.uqam.ca\/wp-content\/uploads\/2018\/02\/Logo_GalerieUQAM.jpg","contentUrl":"https:\/\/galerie.uqam.ca\/wp-content\/uploads\/2018\/02\/Logo_GalerieUQAM.jpg","width":1105,"height":1537,"caption":"Galerie de l&#039;UQAM"},"image":{"@id":"https:\/\/galerie.uqam.ca\/#\/schema\/logo\/image\/"}}]}},"_links":{"self":[{"href":"https:\/\/galerie.uqam.ca\/en\/wp-json\/wp\/v2\/pages\/8182","targetHints":{"allow":["GET"]}}],"collection":[{"href":"https:\/\/galerie.uqam.ca\/en\/wp-json\/wp\/v2\/pages"}],"about":[{"href":"https:\/\/galerie.uqam.ca\/en\/wp-json\/wp\/v2\/types\/page"}],"author":[{"embeddable":true,"href":"https:\/\/galerie.uqam.ca\/en\/wp-json\/wp\/v2\/users\/1"}],"replies":[{"embeddable":true,"href":"https:\/\/galerie.uqam.ca\/en\/wp-json\/wp\/v2\/comments?post=8182"}],"version-history":[{"count":3,"href":"https:\/\/galerie.uqam.ca\/en\/wp-json\/wp\/v2\/pages\/8182\/revisions"}],"predecessor-version":[{"id":24164,"href":"https:\/\/galerie.uqam.ca\/en\/wp-json\/wp\/v2\/pages\/8182\/revisions\/24164"}],"up":[{"embeddable":true,"href":"https:\/\/galerie.uqam.ca\/en\/wp-json\/wp\/v2\/pages\/8176"}],"wp:attachment":[{"href":"https:\/\/galerie.uqam.ca\/en\/wp-json\/wp\/v2\/media?parent=8182"}],"curies":[{"name":"wp","href":"https:\/\/api.w.org\/{rel}","templated":true}]}}