{"id":7665,"date":"2018-06-12T16:13:45","date_gmt":"2018-06-12T20:13:45","guid":{"rendered":"https:\/\/galerie2017.uqam.ca\/staff\/"},"modified":"2026-03-12T11:34:06","modified_gmt":"2026-03-12T15:34:06","slug":"staff","status":"publish","type":"page","link":"https:\/\/galerie.uqam.ca\/en\/contact\/staff\/","title":{"rendered":"Staff"},"content":{"rendered":"<p><strong>Louise D\u00e9ry<\/strong><br \/>\nDirector<br \/>\ndery.louise[a]uqam.ca<br \/>\n514 987-3000, ext. 6150<\/p>\n<p><strong>Anne Philippon<\/strong><br \/>\nAssistant Curator<br \/>\nphilippon.anne[a]uqam.ca<\/p>\n<p><strong>L\u00e9a Lanthier-Lapierre<\/strong><br \/>\nCultural Mediation and Communications Coordinator<br \/>\nlanthier-lapierre.lea[a]uqam.ca<\/p>\n<p><strong>Philippe Chevrette<\/strong><br \/>\nMuseology Technician<br \/>\nchevrette.philippe[a]uqam.ca<\/p>\n<p><strong>Johane Levesque<\/strong><br \/>\nMuseology Technician<br \/>\nlevesque.johane[a]uqam.ca<\/p>\n<p><strong>Christine Lenoir<\/strong><br \/>\nAdministrative Secretary<br \/>\nlenoir.christine[a]uqam.ca<br \/>\n514 987-3000, ext. 6150<\/p>\n<p><strong>Camille R\u00e9millard-Vigneault<\/strong><br \/>\nResearch Assistant<\/p>\n<p><strong>Sandrine B\u00e9langer, Emma Garon, Fr\u00e9d\u00e9rique Marchand<\/strong><br \/>\nGallery Clerks<\/p>\n<h2 id=\"management-committee\">Management Committee<\/h2>\n<p><strong>Lucie M\u00e9nard<\/strong><br \/>\nVice-chancellor, Research, Creation and Dissemination \u2013 UQAM<\/p>\n<p><strong>Patrick Evans<\/strong><br \/>\nDirector \u2013 Centre de design de l\u2019UQAM<\/p>\n<p><strong>Jennifer Carter<\/strong><br \/>\nDirector \u2013 Master and PhD in Museum Studies, UQAM<\/p>\n<p><strong>Michael Blum<\/strong><br \/>\nDirector \u2013 Master in Visual and Media Arts, UQAM<\/p>\n<p><strong>Alexandre Castonguay<\/strong><br \/>\nProfessor \u2013 School of Visual and Media Arts, UQAM<\/p>\n<p><strong>Monia Abdallah<\/strong><br \/>\nProfessor \u2013 Department of Art History, UQAM<\/p>\n<p><strong>R\u00e9mi Belliveau<br \/>\n<\/strong>External member \u2013\u00a0 Visual artist<\/p>\n<p><strong>Ji-Yoon Han<\/strong><br \/>\nExternal member \u2013 Art Professional<\/p>\n<p><strong>Gauthier Raffard<\/strong><br \/>\nStudent \u2013 Master in Museum Studies, UQAM<\/p>\n<p><strong>Louise D\u00e9ry<\/strong><br \/>\nDirector \u2013 Galerie de l\u2019UQAM<\/p>\n<h2 id=\"exhibition-selection-committee\">Exhibition Selection Committee<strong><br \/>\n<\/strong><\/h2>\n<p><strong>Jean Dubois<\/strong><br \/>\nProfessor \u2013 School of Visual and Media Arts, UQAM<\/p>\n<p><strong>Monia Abdallah<\/strong><br \/>\nProfessor \u2013 Department of Art History, UQAM<\/p>\n<p><strong>R\u00e9mi Belliveau<\/strong><br \/>\nExternal member \u2013 Visual artist<\/p>\n<p><strong>Louise D\u00e9ry<\/strong><br \/>\nDirector \u2013 Galerie de l\u2019UQAM<\/p>\n<p><strong>\u00a0<\/strong><strong>\u00a0<\/strong><\/p>\n<h2 id=\"acquisitions-committee\">Acquisitions Committee<strong><br \/>\n<\/strong><\/h2>\n<p><strong>Gwena\u00ebl B\u00e9langer<\/strong><br \/>\nProfessor \u2013 School of Visual and Media Arts, UQAM<\/p>\n<p><strong>Julie B\u00e9lisle<\/strong><br \/>\nExternal member \u2013 Cultural Advisor for Visual Arts<\/p>\n<p><strong>Ana\u00efs Castro<\/strong><br \/>\nExternal member \u2013 Art Professional Reprentative Position<\/p>\n<p><strong>Emmanuelle L\u00e9onard<\/strong><br \/>\nExternal member \u2013 Visual artist<\/p>\n<p><strong>Edith-Anne Pageot<\/strong><br \/>\nProfessor \u2013 Department of Art History, UQAM<\/p>\n<p><strong>Claire Savoie<\/strong><br \/>\nProfessor \u2013 School of Visual and Media Arts, UQAM<\/p>\n<p><strong>Louise D\u00e9ry<br \/>\n<\/strong>Director \u2014 Galerie de l\u2019UQAM<\/p>\n<h2 id=\"interns\">Interns<\/h2>\n<p>Emma Garon (2025)<br \/>\nL\u00e9a-Fran\u00e7oise Terrier (2024)<br \/>\nAnabelle Chass\u00e9 (2019)<br \/>\nRenaud Gadoury (2017)<strong><br \/>\n<\/strong>H\u00e9l\u00e8ne Brouillet (2016)<br \/>\nChristine Larivi\u00e8re (2014)<br \/>\nYvon Gagnon (2013)<br \/>\nMaxime Moinet (2013)<br \/>\nCorentine Delepine (2012)<br \/>\nPascale Tremblay (2010)<br \/>\nNathalie Fortin (2010)<br \/>\nOr\u00e9lie Br\u00fbl\u00e9 (2008)<br \/>\nCatherine Fortin (2007)<br \/>\n\u00c8ve Tr\u00e9panier (2006)<br \/>\nSt\u00e9phanie Corriveau (2006)<br \/>\nSarah Garneau (2006)<br \/>\nNaomi L\u2019Heureux (2005)<br \/>\nLaure Chassende (2005)<br \/>\nSarah Boucher (2005)<br \/>\nManon Fontaine (2004)<br \/>\nJean-Louis Ren\u00e9 (2004)<br \/>\nMaxime Lafleur (2004)<br \/>\nEve-Lyne Beaudry (2004)<br \/>\nJulie Massey (2003)<br \/>\nKarine Binette (2003)<br \/>\nEmmanuelle Bri\u00e8re (2002)<br \/>\nV\u00e9ronique Audy (2002)<br \/>\nAudrey Genois (2001)<br \/>\nAlya Trad (2000)<br \/>\nDorota Kowalska (1999)<br \/>\nV\u00e9ronique Naurais (1998)<br \/>\nAnne-Marie Ninacs (1997)<br \/>\nSophie Joyal (1997)<\/p>\n","protected":false},"excerpt":{"rendered":"<p>Under the direction of art historian and curator Louise D\u00e9ry, Galerie de l&#8217;UQAM can count on a professional, dynamic and dedicated team to carry out its many projects.<\/p>\n","protected":false},"author":1,"featured_media":0,"parent":10492,"menu_order":0,"comment_status":"closed","ping_status":"closed","template":"","meta":{"_acf_changed":false,"_monsterinsights_skip_tracking":false,"_monsterinsights_sitenote_active":false,"_monsterinsights_sitenote_note":"","_monsterinsights_sitenote_category":0,"footnotes":""},"class_list":["post-7665","page","type-page","status-publish","hentry"],"acf":[],"yoast_head":"<!-- This site is optimized with the Yoast SEO plugin v27.5 - https:\/\/yoast.com\/product\/yoast-seo-wordpress\/ -->\n<title>Staff - Galerie de l&#039;UQAM<\/title>\n<meta name=\"robots\" content=\"index, follow, max-snippet:-1, max-image-preview:large, max-video-preview:-1\" \/>\n<link rel=\"canonical\" href=\"https:\/\/galerie.uqam.ca\/en\/contact\/staff\/\" \/>\n<meta property=\"og:locale\" content=\"en_US\" \/>\n<meta property=\"og:type\" content=\"article\" \/>\n<meta property=\"og:title\" content=\"Staff - Galerie de l&#039;UQAM\" \/>\n<meta property=\"og:description\" content=\"Under the direction of art historian and curator Louise D\u00e9ry, Galerie de l&#039;UQAM can count on a professional, dynamic and dedicated team to carry out its many projects.\" \/>\n<meta property=\"og:url\" content=\"https:\/\/galerie.uqam.ca\/en\/contact\/staff\/\" \/>\n<meta property=\"og:site_name\" content=\"Galerie de l&#039;UQAM\" \/>\n<meta property=\"article:modified_time\" content=\"2026-03-12T15:34:06+00:00\" \/>\n<meta property=\"og:image\" content=\"https:\/\/galerie.uqam.ca\/wp-content\/uploads\/2018\/02\/Logo_GalerieUQAM.jpg\" \/>\n\t<meta property=\"og:image:width\" content=\"1105\" \/>\n\t<meta property=\"og:image:height\" content=\"1537\" \/>\n\t<meta property=\"og:image:type\" content=\"image\/jpeg\" \/>\n<meta name=\"twitter:card\" content=\"summary_large_image\" \/>\n<meta name=\"twitter:label1\" content=\"Est. reading time\" \/>\n\t<meta name=\"twitter:data1\" content=\"2 minutes\" \/>\n<script type=\"application\/ld+json\" class=\"yoast-schema-graph\">{\"@context\":\"https:\\\/\\\/schema.org\",\"@graph\":[{\"@type\":\"WebPage\",\"@id\":\"https:\\\/\\\/galerie.uqam.ca\\\/en\\\/contact\\\/staff\\\/\",\"url\":\"https:\\\/\\\/galerie.uqam.ca\\\/en\\\/contact\\\/staff\\\/\",\"name\":\"Staff - Galerie de l&#039;UQAM\",\"isPartOf\":{\"@id\":\"https:\\\/\\\/galerie.uqam.ca\\\/#website\"},\"datePublished\":\"2018-06-12T20:13:45+00:00\",\"dateModified\":\"2026-03-12T15:34:06+00:00\",\"breadcrumb\":{\"@id\":\"https:\\\/\\\/galerie.uqam.ca\\\/en\\\/contact\\\/staff\\\/#breadcrumb\"},\"inLanguage\":\"en-US\",\"potentialAction\":[{\"@type\":\"ReadAction\",\"target\":[\"https:\\\/\\\/galerie.uqam.ca\\\/en\\\/contact\\\/staff\\\/\"]}]},{\"@type\":\"BreadcrumbList\",\"@id\":\"https:\\\/\\\/galerie.uqam.ca\\\/en\\\/contact\\\/staff\\\/#breadcrumb\",\"itemListElement\":[{\"@type\":\"ListItem\",\"position\":1,\"name\":\"Home\",\"item\":\"https:\\\/\\\/galerie.uqam.ca\\\/\"},{\"@type\":\"ListItem\",\"position\":2,\"name\":\"Contact\",\"item\":\"https:\\\/\\\/galerie.uqam.ca\\\/en\\\/contact\\\/\"},{\"@type\":\"ListItem\",\"position\":3,\"name\":\"Staff\"}]},{\"@type\":\"WebSite\",\"@id\":\"https:\\\/\\\/galerie.uqam.ca\\\/#website\",\"url\":\"https:\\\/\\\/galerie.uqam.ca\\\/\",\"name\":\"Galerie de l&#039;UQAM\",\"description\":\"La Galerie de l\u2019UQAM est une galerie universitaire d\u00e9di\u00e9e \u00e0 l\u2019art contemporain.\",\"publisher\":{\"@id\":\"https:\\\/\\\/galerie.uqam.ca\\\/#organization\"},\"potentialAction\":[{\"@type\":\"SearchAction\",\"target\":{\"@type\":\"EntryPoint\",\"urlTemplate\":\"https:\\\/\\\/galerie.uqam.ca\\\/?s={search_term_string}\"},\"query-input\":{\"@type\":\"PropertyValueSpecification\",\"valueRequired\":true,\"valueName\":\"search_term_string\"}}],\"inLanguage\":\"en-US\"},{\"@type\":\"Organization\",\"@id\":\"https:\\\/\\\/galerie.uqam.ca\\\/#organization\",\"name\":\"Galerie de l&#039;UQAM\",\"url\":\"https:\\\/\\\/galerie.uqam.ca\\\/\",\"logo\":{\"@type\":\"ImageObject\",\"inLanguage\":\"en-US\",\"@id\":\"https:\\\/\\\/galerie.uqam.ca\\\/#\\\/schema\\\/logo\\\/image\\\/\",\"url\":\"https:\\\/\\\/galerie.uqam.ca\\\/wp-content\\\/uploads\\\/2018\\\/02\\\/Logo_GalerieUQAM.jpg\",\"contentUrl\":\"https:\\\/\\\/galerie.uqam.ca\\\/wp-content\\\/uploads\\\/2018\\\/02\\\/Logo_GalerieUQAM.jpg\",\"width\":1105,\"height\":1537,\"caption\":\"Galerie de l&#039;UQAM\"},\"image\":{\"@id\":\"https:\\\/\\\/galerie.uqam.ca\\\/#\\\/schema\\\/logo\\\/image\\\/\"}}]}<\/script>\n<!-- \/ Yoast SEO plugin. -->","yoast_head_json":{"title":"Staff - Galerie de l&#039;UQAM","robots":{"index":"index","follow":"follow","max-snippet":"max-snippet:-1","max-image-preview":"max-image-preview:large","max-video-preview":"max-video-preview:-1"},"canonical":"https:\/\/galerie.uqam.ca\/en\/contact\/staff\/","og_locale":"en_US","og_type":"article","og_title":"Staff - Galerie de l&#039;UQAM","og_description":"Under the direction of art historian and curator Louise D\u00e9ry, Galerie de l'UQAM can count on a professional, dynamic and dedicated team to carry out its many projects.","og_url":"https:\/\/galerie.uqam.ca\/en\/contact\/staff\/","og_site_name":"Galerie de l&#039;UQAM","article_modified_time":"2026-03-12T15:34:06+00:00","og_image":[{"width":1105,"height":1537,"url":"https:\/\/galerie.uqam.ca\/wp-content\/uploads\/2018\/02\/Logo_GalerieUQAM.jpg","type":"image\/jpeg"}],"twitter_card":"summary_large_image","twitter_misc":{"Est. reading time":"2 minutes"},"schema":{"@context":"https:\/\/schema.org","@graph":[{"@type":"WebPage","@id":"https:\/\/galerie.uqam.ca\/en\/contact\/staff\/","url":"https:\/\/galerie.uqam.ca\/en\/contact\/staff\/","name":"Staff - Galerie de l&#039;UQAM","isPartOf":{"@id":"https:\/\/galerie.uqam.ca\/#website"},"datePublished":"2018-06-12T20:13:45+00:00","dateModified":"2026-03-12T15:34:06+00:00","breadcrumb":{"@id":"https:\/\/galerie.uqam.ca\/en\/contact\/staff\/#breadcrumb"},"inLanguage":"en-US","potentialAction":[{"@type":"ReadAction","target":["https:\/\/galerie.uqam.ca\/en\/contact\/staff\/"]}]},{"@type":"BreadcrumbList","@id":"https:\/\/galerie.uqam.ca\/en\/contact\/staff\/#breadcrumb","itemListElement":[{"@type":"ListItem","position":1,"name":"Home","item":"https:\/\/galerie.uqam.ca\/"},{"@type":"ListItem","position":2,"name":"Contact","item":"https:\/\/galerie.uqam.ca\/en\/contact\/"},{"@type":"ListItem","position":3,"name":"Staff"}]},{"@type":"WebSite","@id":"https:\/\/galerie.uqam.ca\/#website","url":"https:\/\/galerie.uqam.ca\/","name":"Galerie de l&#039;UQAM","description":"La Galerie de l\u2019UQAM est une galerie universitaire d\u00e9di\u00e9e \u00e0 l\u2019art contemporain.","publisher":{"@id":"https:\/\/galerie.uqam.ca\/#organization"},"potentialAction":[{"@type":"SearchAction","target":{"@type":"EntryPoint","urlTemplate":"https:\/\/galerie.uqam.ca\/?s={search_term_string}"},"query-input":{"@type":"PropertyValueSpecification","valueRequired":true,"valueName":"search_term_string"}}],"inLanguage":"en-US"},{"@type":"Organization","@id":"https:\/\/galerie.uqam.ca\/#organization","name":"Galerie de l&#039;UQAM","url":"https:\/\/galerie.uqam.ca\/","logo":{"@type":"ImageObject","inLanguage":"en-US","@id":"https:\/\/galerie.uqam.ca\/#\/schema\/logo\/image\/","url":"https:\/\/galerie.uqam.ca\/wp-content\/uploads\/2018\/02\/Logo_GalerieUQAM.jpg","contentUrl":"https:\/\/galerie.uqam.ca\/wp-content\/uploads\/2018\/02\/Logo_GalerieUQAM.jpg","width":1105,"height":1537,"caption":"Galerie de l&#039;UQAM"},"image":{"@id":"https:\/\/galerie.uqam.ca\/#\/schema\/logo\/image\/"}}]}},"_links":{"self":[{"href":"https:\/\/galerie.uqam.ca\/en\/wp-json\/wp\/v2\/pages\/7665","targetHints":{"allow":["GET"]}}],"collection":[{"href":"https:\/\/galerie.uqam.ca\/en\/wp-json\/wp\/v2\/pages"}],"about":[{"href":"https:\/\/galerie.uqam.ca\/en\/wp-json\/wp\/v2\/types\/page"}],"author":[{"embeddable":true,"href":"https:\/\/galerie.uqam.ca\/en\/wp-json\/wp\/v2\/users\/1"}],"replies":[{"embeddable":true,"href":"https:\/\/galerie.uqam.ca\/en\/wp-json\/wp\/v2\/comments?post=7665"}],"version-history":[{"count":52,"href":"https:\/\/galerie.uqam.ca\/en\/wp-json\/wp\/v2\/pages\/7665\/revisions"}],"predecessor-version":[{"id":25423,"href":"https:\/\/galerie.uqam.ca\/en\/wp-json\/wp\/v2\/pages\/7665\/revisions\/25423"}],"up":[{"embeddable":true,"href":"https:\/\/galerie.uqam.ca\/en\/wp-json\/wp\/v2\/pages\/10492"}],"wp:attachment":[{"href":"https:\/\/galerie.uqam.ca\/en\/wp-json\/wp\/v2\/media?parent=7665"}],"curies":[{"name":"wp","href":"https:\/\/api.w.org\/{rel}","templated":true}]}}