{"id":6458,"date":"2018-05-24T15:10:12","date_gmt":"2018-05-24T19:10:12","guid":{"rendered":"https:\/\/galerie2017.uqam.ca\/about-the-collection\/"},"modified":"2025-09-02T14:26:40","modified_gmt":"2025-09-02T18:26:40","slug":"about-the-collection","status":"publish","type":"page","link":"https:\/\/galerie.uqam.ca\/en\/the-collection\/about-the-collection\/","title":{"rendered":"About the Collection"},"content":{"rendered":"<p>When the Universit\u00e9 du Qu\u00e9bec \u00e0 Montr\u00e9al was created in 1969, it inherited the \u00c9cole des beaux-arts de Montr\u00e9al\u2019s art collection, which included objects from various periods and places, among them an Egyptian mummy and nearly 3,000 prints by students from the studio of Albert Dumouchel. The newly established Collection d\u2019\u0153uvres d\u2019art de l\u2019UQAM was set up on the model of American university collections and was envisaged, from its origin, as both a witness to the teaching of the arts and a reflection of current trends in Quebec art.<\/p>\n<p>When the art gallery was created in 1975, the collection was assigned a first permanent space on Saint-Urbain Street; it remained there until in 1979, when it was relocated to the recently inaugurated Pavillon Judith-Jasmin and named Galerie de l\u2019UQAM. Although the conservation and development of the institutional collection have always been part of Galerie de l\u2019UQAM\u2019s mandate, over the ensuing years, exhibition activities were emphasized. In the early 1980s, the Universit\u00e9 adopted an acquisition policy and regulations providing a legal and administrative framework for the management of the collection. Works by recognized artists as well as student works and public art were acquired, but the plan for the collection to encompass a more global perspective \u2013 as a function of the activities of research, creation, teaching and outreach \u2013 only really took effect in the 1990s. Steps were undertaken to define the nature of the collection and its possible orientation more clearly. In 1994, a period of cessation being deemed necessary, a moratorium on acquisition was declared. Beginning in 1997, the collection was thoroughly inventoried and the data computerized, which ensured more efficient management of the many works in circulation on campus.<\/p>\n<p>The collection\u2019s inventory also paved the way, at the close of the decade, for a reflection on the future of the collection in order to define a new acquisition policy, resume acquisition activities and instigate various outreach projects. These initiatives aimed to foster not only a better appreciation of the collective property represented by the institutional collection, but also a recognition of the visual arts\u2019 significant contribution to the university community, through research, teaching, enhancing UQAM\u2019s cultural life and furthering its national and international development. Today, the Collection d\u2019oeuvres d\u2019art de l\u2019UQAM contains more than 4000 objetcs and artworks.<\/p>\n","protected":false},"excerpt":{"rendered":"<p>Established since UQAM&#8217;s founding in 1969, thanks to the bequest of the collection of the \u00c9cole des beaux-arts de Montr\u00e9al, the Collection d&#8217;oeuvres d&#8217;art de l&#8217;UQAM now holds more than 4,000 objects and works of art. It is developped as both a witness to the teaching of the arts and a reflection of current trends in Qu\u00e9bec, Canadian and international art. <\/p>\n","protected":false},"author":1,"featured_media":0,"parent":8176,"menu_order":0,"comment_status":"closed","ping_status":"closed","template":"","meta":{"_acf_changed":false,"_monsterinsights_skip_tracking":false,"_monsterinsights_sitenote_active":false,"_monsterinsights_sitenote_note":"","_monsterinsights_sitenote_category":0,"footnotes":""},"class_list":["post-6458","page","type-page","status-publish","hentry"],"acf":[],"yoast_head":"<!-- This site is optimized with the Yoast SEO plugin v27.4 - https:\/\/yoast.com\/product\/yoast-seo-wordpress\/ -->\n<title>About the Collection - Galerie de l&#039;UQAM<\/title>\n<meta name=\"robots\" content=\"index, follow, max-snippet:-1, max-image-preview:large, max-video-preview:-1\" \/>\n<link rel=\"canonical\" href=\"https:\/\/galerie.uqam.ca\/en\/the-collection\/about-the-collection\/\" \/>\n<meta property=\"og:locale\" content=\"en_US\" \/>\n<meta property=\"og:type\" content=\"article\" \/>\n<meta property=\"og:title\" content=\"About the Collection - Galerie de l&#039;UQAM\" \/>\n<meta property=\"og:description\" content=\"Established since UQAM&#039;s founding in 1969, thanks to the bequest of the collection of the \u00c9cole des beaux-arts de Montr\u00e9al, the Collection d&#039;oeuvres d&#039;art de l&#039;UQAM now holds more than 4,000 objects and works of art. It is developped as both a witness to the teaching of the arts and a reflection of current trends in Qu\u00e9bec, Canadian and international art.\" \/>\n<meta property=\"og:url\" content=\"https:\/\/galerie.uqam.ca\/en\/the-collection\/about-the-collection\/\" \/>\n<meta property=\"og:site_name\" content=\"Galerie de l&#039;UQAM\" \/>\n<meta property=\"article:modified_time\" content=\"2025-09-02T18:26:40+00:00\" \/>\n<meta property=\"og:image\" content=\"https:\/\/galerie.uqam.ca\/wp-content\/uploads\/2018\/02\/Logo_GalerieUQAM.jpg\" \/>\n\t<meta property=\"og:image:width\" content=\"1105\" \/>\n\t<meta property=\"og:image:height\" content=\"1537\" \/>\n\t<meta property=\"og:image:type\" content=\"image\/jpeg\" \/>\n<meta name=\"twitter:card\" content=\"summary_large_image\" \/>\n<meta name=\"twitter:label1\" content=\"Est. reading time\" \/>\n\t<meta name=\"twitter:data1\" content=\"2 minutes\" \/>\n<script type=\"application\/ld+json\" class=\"yoast-schema-graph\">{\"@context\":\"https:\\\/\\\/schema.org\",\"@graph\":[{\"@type\":\"WebPage\",\"@id\":\"https:\\\/\\\/galerie.uqam.ca\\\/en\\\/the-collection\\\/about-the-collection\\\/\",\"url\":\"https:\\\/\\\/galerie.uqam.ca\\\/en\\\/the-collection\\\/about-the-collection\\\/\",\"name\":\"About the Collection - Galerie de l&#039;UQAM\",\"isPartOf\":{\"@id\":\"https:\\\/\\\/galerie.uqam.ca\\\/#website\"},\"datePublished\":\"2018-05-24T19:10:12+00:00\",\"dateModified\":\"2025-09-02T18:26:40+00:00\",\"breadcrumb\":{\"@id\":\"https:\\\/\\\/galerie.uqam.ca\\\/en\\\/the-collection\\\/about-the-collection\\\/#breadcrumb\"},\"inLanguage\":\"en-US\",\"potentialAction\":[{\"@type\":\"ReadAction\",\"target\":[\"https:\\\/\\\/galerie.uqam.ca\\\/en\\\/the-collection\\\/about-the-collection\\\/\"]}]},{\"@type\":\"BreadcrumbList\",\"@id\":\"https:\\\/\\\/galerie.uqam.ca\\\/en\\\/the-collection\\\/about-the-collection\\\/#breadcrumb\",\"itemListElement\":[{\"@type\":\"ListItem\",\"position\":1,\"name\":\"Home\",\"item\":\"https:\\\/\\\/galerie.uqam.ca\\\/\"},{\"@type\":\"ListItem\",\"position\":2,\"name\":\"Collection\",\"item\":\"https:\\\/\\\/galerie.uqam.ca\\\/en\\\/the-collection\\\/\"},{\"@type\":\"ListItem\",\"position\":3,\"name\":\"About the Collection\"}]},{\"@type\":\"WebSite\",\"@id\":\"https:\\\/\\\/galerie.uqam.ca\\\/#website\",\"url\":\"https:\\\/\\\/galerie.uqam.ca\\\/\",\"name\":\"Galerie de l&#039;UQAM\",\"description\":\"La Galerie de l\u2019UQAM est une galerie universitaire d\u00e9di\u00e9e \u00e0 l\u2019art contemporain.\",\"publisher\":{\"@id\":\"https:\\\/\\\/galerie.uqam.ca\\\/#organization\"},\"potentialAction\":[{\"@type\":\"SearchAction\",\"target\":{\"@type\":\"EntryPoint\",\"urlTemplate\":\"https:\\\/\\\/galerie.uqam.ca\\\/?s={search_term_string}\"},\"query-input\":{\"@type\":\"PropertyValueSpecification\",\"valueRequired\":true,\"valueName\":\"search_term_string\"}}],\"inLanguage\":\"en-US\"},{\"@type\":\"Organization\",\"@id\":\"https:\\\/\\\/galerie.uqam.ca\\\/#organization\",\"name\":\"Galerie de l&#039;UQAM\",\"url\":\"https:\\\/\\\/galerie.uqam.ca\\\/\",\"logo\":{\"@type\":\"ImageObject\",\"inLanguage\":\"en-US\",\"@id\":\"https:\\\/\\\/galerie.uqam.ca\\\/#\\\/schema\\\/logo\\\/image\\\/\",\"url\":\"https:\\\/\\\/galerie.uqam.ca\\\/wp-content\\\/uploads\\\/2018\\\/02\\\/Logo_GalerieUQAM.jpg\",\"contentUrl\":\"https:\\\/\\\/galerie.uqam.ca\\\/wp-content\\\/uploads\\\/2018\\\/02\\\/Logo_GalerieUQAM.jpg\",\"width\":1105,\"height\":1537,\"caption\":\"Galerie de l&#039;UQAM\"},\"image\":{\"@id\":\"https:\\\/\\\/galerie.uqam.ca\\\/#\\\/schema\\\/logo\\\/image\\\/\"}}]}<\/script>\n<!-- \/ Yoast SEO plugin. -->","yoast_head_json":{"title":"About the Collection - Galerie de l&#039;UQAM","robots":{"index":"index","follow":"follow","max-snippet":"max-snippet:-1","max-image-preview":"max-image-preview:large","max-video-preview":"max-video-preview:-1"},"canonical":"https:\/\/galerie.uqam.ca\/en\/the-collection\/about-the-collection\/","og_locale":"en_US","og_type":"article","og_title":"About the Collection - Galerie de l&#039;UQAM","og_description":"Established since UQAM's founding in 1969, thanks to the bequest of the collection of the \u00c9cole des beaux-arts de Montr\u00e9al, the Collection d'oeuvres d'art de l'UQAM now holds more than 4,000 objects and works of art. It is developped as both a witness to the teaching of the arts and a reflection of current trends in Qu\u00e9bec, Canadian and international art.","og_url":"https:\/\/galerie.uqam.ca\/en\/the-collection\/about-the-collection\/","og_site_name":"Galerie de l&#039;UQAM","article_modified_time":"2025-09-02T18:26:40+00:00","og_image":[{"width":1105,"height":1537,"url":"https:\/\/galerie.uqam.ca\/wp-content\/uploads\/2018\/02\/Logo_GalerieUQAM.jpg","type":"image\/jpeg"}],"twitter_card":"summary_large_image","twitter_misc":{"Est. reading time":"2 minutes"},"schema":{"@context":"https:\/\/schema.org","@graph":[{"@type":"WebPage","@id":"https:\/\/galerie.uqam.ca\/en\/the-collection\/about-the-collection\/","url":"https:\/\/galerie.uqam.ca\/en\/the-collection\/about-the-collection\/","name":"About the Collection - Galerie de l&#039;UQAM","isPartOf":{"@id":"https:\/\/galerie.uqam.ca\/#website"},"datePublished":"2018-05-24T19:10:12+00:00","dateModified":"2025-09-02T18:26:40+00:00","breadcrumb":{"@id":"https:\/\/galerie.uqam.ca\/en\/the-collection\/about-the-collection\/#breadcrumb"},"inLanguage":"en-US","potentialAction":[{"@type":"ReadAction","target":["https:\/\/galerie.uqam.ca\/en\/the-collection\/about-the-collection\/"]}]},{"@type":"BreadcrumbList","@id":"https:\/\/galerie.uqam.ca\/en\/the-collection\/about-the-collection\/#breadcrumb","itemListElement":[{"@type":"ListItem","position":1,"name":"Home","item":"https:\/\/galerie.uqam.ca\/"},{"@type":"ListItem","position":2,"name":"Collection","item":"https:\/\/galerie.uqam.ca\/en\/the-collection\/"},{"@type":"ListItem","position":3,"name":"About the Collection"}]},{"@type":"WebSite","@id":"https:\/\/galerie.uqam.ca\/#website","url":"https:\/\/galerie.uqam.ca\/","name":"Galerie de l&#039;UQAM","description":"La Galerie de l\u2019UQAM est une galerie universitaire d\u00e9di\u00e9e \u00e0 l\u2019art contemporain.","publisher":{"@id":"https:\/\/galerie.uqam.ca\/#organization"},"potentialAction":[{"@type":"SearchAction","target":{"@type":"EntryPoint","urlTemplate":"https:\/\/galerie.uqam.ca\/?s={search_term_string}"},"query-input":{"@type":"PropertyValueSpecification","valueRequired":true,"valueName":"search_term_string"}}],"inLanguage":"en-US"},{"@type":"Organization","@id":"https:\/\/galerie.uqam.ca\/#organization","name":"Galerie de l&#039;UQAM","url":"https:\/\/galerie.uqam.ca\/","logo":{"@type":"ImageObject","inLanguage":"en-US","@id":"https:\/\/galerie.uqam.ca\/#\/schema\/logo\/image\/","url":"https:\/\/galerie.uqam.ca\/wp-content\/uploads\/2018\/02\/Logo_GalerieUQAM.jpg","contentUrl":"https:\/\/galerie.uqam.ca\/wp-content\/uploads\/2018\/02\/Logo_GalerieUQAM.jpg","width":1105,"height":1537,"caption":"Galerie de l&#039;UQAM"},"image":{"@id":"https:\/\/galerie.uqam.ca\/#\/schema\/logo\/image\/"}}]}},"_links":{"self":[{"href":"https:\/\/galerie.uqam.ca\/en\/wp-json\/wp\/v2\/pages\/6458","targetHints":{"allow":["GET"]}}],"collection":[{"href":"https:\/\/galerie.uqam.ca\/en\/wp-json\/wp\/v2\/pages"}],"about":[{"href":"https:\/\/galerie.uqam.ca\/en\/wp-json\/wp\/v2\/types\/page"}],"author":[{"embeddable":true,"href":"https:\/\/galerie.uqam.ca\/en\/wp-json\/wp\/v2\/users\/1"}],"replies":[{"embeddable":true,"href":"https:\/\/galerie.uqam.ca\/en\/wp-json\/wp\/v2\/comments?post=6458"}],"version-history":[{"count":3,"href":"https:\/\/galerie.uqam.ca\/en\/wp-json\/wp\/v2\/pages\/6458\/revisions"}],"predecessor-version":[{"id":25028,"href":"https:\/\/galerie.uqam.ca\/en\/wp-json\/wp\/v2\/pages\/6458\/revisions\/25028"}],"up":[{"embeddable":true,"href":"https:\/\/galerie.uqam.ca\/en\/wp-json\/wp\/v2\/pages\/8176"}],"wp:attachment":[{"href":"https:\/\/galerie.uqam.ca\/en\/wp-json\/wp\/v2\/media?parent=6458"}],"curies":[{"name":"wp","href":"https:\/\/api.w.org\/{rel}","templated":true}]}}