{"id":16467,"date":"2021-07-20T17:15:06","date_gmt":"2021-07-20T21:15:06","guid":{"rendered":"https:\/\/galerie.uqam.ca\/educational-program\/trousse-pedagogique\/"},"modified":"2024-03-08T12:29:55","modified_gmt":"2024-03-08T17:29:55","slug":"educational-kit","status":"publish","type":"page","link":"https:\/\/galerie.uqam.ca\/en\/educational-program\/educational-kit\/","title":{"rendered":"L&#8217;art cultive"},"content":{"rendered":"\n<p><em>L\u2019art cultive<\/em> is a new series of educational kits developed by the Galerie de l\u2019UQAM team. Through this initiative, the gallery wishes to provide Quebec art teachers with resources and tools they can use to introduce their students to contemporary art. The kits aim to show the scope and variety of the issues addressed by artists today, as well as emphasize art\u2019s vital place in the conversations animating our living, educational, and working environments. Built around exhibitions recently presented at Galerie de l\u2019UQAM, the <em>L\u2019art cultive<\/em> kits offer reproductions of works, exhibition views, video clips, textual information, as well as directions for initiating discussions and creative projects with young audiences.<\/p>\n\n\n\n<p><strong>Four kits are available in french only.<\/strong> <\/p>\n\n\n\n<p class=\"has-background\" style=\"background-color:#f2f2f2\"><strong>For more information<\/strong><br>Galerie de l\u2019UQAM<br>Universit\u00e9 du Qu\u00e9bec \u00e0 Montr\u00e9al<br><a href=\"mailto:galerie@uqam.ca\">galerie@uqam.ca<\/a><br>514 987-3000 ext. 20959<\/p>\n","protected":false},"excerpt":{"rendered":"<p>L\u2019art cultive is a new series of educational kits developed by the Galerie de l\u2019UQAM team. Through this initiative, the gallery wishes to provide Quebec art teachers with resources and tools they can use to introduce their students to contemporary art. The kits aim to show the scope and variety of the issues addressed by [&hellip;]<\/p>\n","protected":false},"author":1,"featured_media":0,"parent":2274,"menu_order":0,"comment_status":"closed","ping_status":"closed","template":"","meta":{"_acf_changed":false,"_monsterinsights_skip_tracking":false,"_monsterinsights_sitenote_active":false,"_monsterinsights_sitenote_note":"","_monsterinsights_sitenote_category":0,"footnotes":""},"class_list":["post-16467","page","type-page","status-publish","hentry"],"acf":[],"yoast_head":"<!-- This site is optimized with the Yoast SEO plugin v27.4 - https:\/\/yoast.com\/product\/yoast-seo-wordpress\/ -->\n<title>L&#039;art cultive - Galerie de l&#039;UQAM<\/title>\n<meta name=\"robots\" content=\"index, follow, max-snippet:-1, max-image-preview:large, max-video-preview:-1\" \/>\n<link rel=\"canonical\" href=\"https:\/\/galerie.uqam.ca\/en\/educational-program\/educational-kit\/\" \/>\n<meta property=\"og:locale\" content=\"en_US\" \/>\n<meta property=\"og:type\" content=\"article\" \/>\n<meta property=\"og:title\" content=\"L&#039;art cultive - Galerie de l&#039;UQAM\" \/>\n<meta property=\"og:description\" content=\"L\u2019art cultive is a new series of educational kits developed by the Galerie de l\u2019UQAM team. Through this initiative, the gallery wishes to provide Quebec art teachers with resources and tools they can use to introduce their students to contemporary art. The kits aim to show the scope and variety of the issues addressed by [&hellip;]\" \/>\n<meta property=\"og:url\" content=\"https:\/\/galerie.uqam.ca\/en\/educational-program\/educational-kit\/\" \/>\n<meta property=\"og:site_name\" content=\"Galerie de l&#039;UQAM\" \/>\n<meta property=\"article:modified_time\" content=\"2024-03-08T17:29:55+00:00\" \/>\n<meta property=\"og:image\" content=\"https:\/\/galerie.uqam.ca\/wp-content\/uploads\/2018\/02\/Logo_GalerieUQAM.jpg\" \/>\n\t<meta property=\"og:image:width\" content=\"1105\" \/>\n\t<meta property=\"og:image:height\" content=\"1537\" \/>\n\t<meta property=\"og:image:type\" content=\"image\/jpeg\" \/>\n<meta name=\"twitter:card\" content=\"summary_large_image\" \/>\n<meta name=\"twitter:label1\" content=\"Est. reading time\" \/>\n\t<meta name=\"twitter:data1\" content=\"1 minute\" \/>\n<script type=\"application\/ld+json\" class=\"yoast-schema-graph\">{\"@context\":\"https:\\\/\\\/schema.org\",\"@graph\":[{\"@type\":\"WebPage\",\"@id\":\"https:\\\/\\\/galerie.uqam.ca\\\/en\\\/educational-program\\\/educational-kit\\\/\",\"url\":\"https:\\\/\\\/galerie.uqam.ca\\\/en\\\/educational-program\\\/educational-kit\\\/\",\"name\":\"L'art cultive - Galerie de l&#039;UQAM\",\"isPartOf\":{\"@id\":\"https:\\\/\\\/galerie.uqam.ca\\\/#website\"},\"datePublished\":\"2021-07-20T21:15:06+00:00\",\"dateModified\":\"2024-03-08T17:29:55+00:00\",\"breadcrumb\":{\"@id\":\"https:\\\/\\\/galerie.uqam.ca\\\/en\\\/educational-program\\\/educational-kit\\\/#breadcrumb\"},\"inLanguage\":\"en-US\",\"potentialAction\":[{\"@type\":\"ReadAction\",\"target\":[\"https:\\\/\\\/galerie.uqam.ca\\\/en\\\/educational-program\\\/educational-kit\\\/\"]}]},{\"@type\":\"BreadcrumbList\",\"@id\":\"https:\\\/\\\/galerie.uqam.ca\\\/en\\\/educational-program\\\/educational-kit\\\/#breadcrumb\",\"itemListElement\":[{\"@type\":\"ListItem\",\"position\":1,\"name\":\"Home\",\"item\":\"https:\\\/\\\/galerie.uqam.ca\\\/\"},{\"@type\":\"ListItem\",\"position\":2,\"name\":\"Educational program\",\"item\":\"https:\\\/\\\/galerie.uqam.ca\\\/en\\\/educational-program\\\/\"},{\"@type\":\"ListItem\",\"position\":3,\"name\":\"L&#8217;art cultive\"}]},{\"@type\":\"WebSite\",\"@id\":\"https:\\\/\\\/galerie.uqam.ca\\\/#website\",\"url\":\"https:\\\/\\\/galerie.uqam.ca\\\/\",\"name\":\"Galerie de l&#039;UQAM\",\"description\":\"La Galerie de l\u2019UQAM est une galerie universitaire d\u00e9di\u00e9e \u00e0 l\u2019art contemporain.\",\"publisher\":{\"@id\":\"https:\\\/\\\/galerie.uqam.ca\\\/#organization\"},\"potentialAction\":[{\"@type\":\"SearchAction\",\"target\":{\"@type\":\"EntryPoint\",\"urlTemplate\":\"https:\\\/\\\/galerie.uqam.ca\\\/?s={search_term_string}\"},\"query-input\":{\"@type\":\"PropertyValueSpecification\",\"valueRequired\":true,\"valueName\":\"search_term_string\"}}],\"inLanguage\":\"en-US\"},{\"@type\":\"Organization\",\"@id\":\"https:\\\/\\\/galerie.uqam.ca\\\/#organization\",\"name\":\"Galerie de l&#039;UQAM\",\"url\":\"https:\\\/\\\/galerie.uqam.ca\\\/\",\"logo\":{\"@type\":\"ImageObject\",\"inLanguage\":\"en-US\",\"@id\":\"https:\\\/\\\/galerie.uqam.ca\\\/#\\\/schema\\\/logo\\\/image\\\/\",\"url\":\"https:\\\/\\\/galerie.uqam.ca\\\/wp-content\\\/uploads\\\/2018\\\/02\\\/Logo_GalerieUQAM.jpg\",\"contentUrl\":\"https:\\\/\\\/galerie.uqam.ca\\\/wp-content\\\/uploads\\\/2018\\\/02\\\/Logo_GalerieUQAM.jpg\",\"width\":1105,\"height\":1537,\"caption\":\"Galerie de l&#039;UQAM\"},\"image\":{\"@id\":\"https:\\\/\\\/galerie.uqam.ca\\\/#\\\/schema\\\/logo\\\/image\\\/\"}}]}<\/script>\n<!-- \/ Yoast SEO plugin. -->","yoast_head_json":{"title":"L'art cultive - Galerie de l&#039;UQAM","robots":{"index":"index","follow":"follow","max-snippet":"max-snippet:-1","max-image-preview":"max-image-preview:large","max-video-preview":"max-video-preview:-1"},"canonical":"https:\/\/galerie.uqam.ca\/en\/educational-program\/educational-kit\/","og_locale":"en_US","og_type":"article","og_title":"L'art cultive - Galerie de l&#039;UQAM","og_description":"L\u2019art cultive is a new series of educational kits developed by the Galerie de l\u2019UQAM team. Through this initiative, the gallery wishes to provide Quebec art teachers with resources and tools they can use to introduce their students to contemporary art. The kits aim to show the scope and variety of the issues addressed by [&hellip;]","og_url":"https:\/\/galerie.uqam.ca\/en\/educational-program\/educational-kit\/","og_site_name":"Galerie de l&#039;UQAM","article_modified_time":"2024-03-08T17:29:55+00:00","og_image":[{"width":1105,"height":1537,"url":"https:\/\/galerie.uqam.ca\/wp-content\/uploads\/2018\/02\/Logo_GalerieUQAM.jpg","type":"image\/jpeg"}],"twitter_card":"summary_large_image","twitter_misc":{"Est. reading time":"1 minute"},"schema":{"@context":"https:\/\/schema.org","@graph":[{"@type":"WebPage","@id":"https:\/\/galerie.uqam.ca\/en\/educational-program\/educational-kit\/","url":"https:\/\/galerie.uqam.ca\/en\/educational-program\/educational-kit\/","name":"L'art cultive - Galerie de l&#039;UQAM","isPartOf":{"@id":"https:\/\/galerie.uqam.ca\/#website"},"datePublished":"2021-07-20T21:15:06+00:00","dateModified":"2024-03-08T17:29:55+00:00","breadcrumb":{"@id":"https:\/\/galerie.uqam.ca\/en\/educational-program\/educational-kit\/#breadcrumb"},"inLanguage":"en-US","potentialAction":[{"@type":"ReadAction","target":["https:\/\/galerie.uqam.ca\/en\/educational-program\/educational-kit\/"]}]},{"@type":"BreadcrumbList","@id":"https:\/\/galerie.uqam.ca\/en\/educational-program\/educational-kit\/#breadcrumb","itemListElement":[{"@type":"ListItem","position":1,"name":"Home","item":"https:\/\/galerie.uqam.ca\/"},{"@type":"ListItem","position":2,"name":"Educational program","item":"https:\/\/galerie.uqam.ca\/en\/educational-program\/"},{"@type":"ListItem","position":3,"name":"L&#8217;art cultive"}]},{"@type":"WebSite","@id":"https:\/\/galerie.uqam.ca\/#website","url":"https:\/\/galerie.uqam.ca\/","name":"Galerie de l&#039;UQAM","description":"La Galerie de l\u2019UQAM est une galerie universitaire d\u00e9di\u00e9e \u00e0 l\u2019art contemporain.","publisher":{"@id":"https:\/\/galerie.uqam.ca\/#organization"},"potentialAction":[{"@type":"SearchAction","target":{"@type":"EntryPoint","urlTemplate":"https:\/\/galerie.uqam.ca\/?s={search_term_string}"},"query-input":{"@type":"PropertyValueSpecification","valueRequired":true,"valueName":"search_term_string"}}],"inLanguage":"en-US"},{"@type":"Organization","@id":"https:\/\/galerie.uqam.ca\/#organization","name":"Galerie de l&#039;UQAM","url":"https:\/\/galerie.uqam.ca\/","logo":{"@type":"ImageObject","inLanguage":"en-US","@id":"https:\/\/galerie.uqam.ca\/#\/schema\/logo\/image\/","url":"https:\/\/galerie.uqam.ca\/wp-content\/uploads\/2018\/02\/Logo_GalerieUQAM.jpg","contentUrl":"https:\/\/galerie.uqam.ca\/wp-content\/uploads\/2018\/02\/Logo_GalerieUQAM.jpg","width":1105,"height":1537,"caption":"Galerie de l&#039;UQAM"},"image":{"@id":"https:\/\/galerie.uqam.ca\/#\/schema\/logo\/image\/"}}]}},"_links":{"self":[{"href":"https:\/\/galerie.uqam.ca\/en\/wp-json\/wp\/v2\/pages\/16467","targetHints":{"allow":["GET"]}}],"collection":[{"href":"https:\/\/galerie.uqam.ca\/en\/wp-json\/wp\/v2\/pages"}],"about":[{"href":"https:\/\/galerie.uqam.ca\/en\/wp-json\/wp\/v2\/types\/page"}],"author":[{"embeddable":true,"href":"https:\/\/galerie.uqam.ca\/en\/wp-json\/wp\/v2\/users\/1"}],"replies":[{"embeddable":true,"href":"https:\/\/galerie.uqam.ca\/en\/wp-json\/wp\/v2\/comments?post=16467"}],"version-history":[{"count":8,"href":"https:\/\/galerie.uqam.ca\/en\/wp-json\/wp\/v2\/pages\/16467\/revisions"}],"predecessor-version":[{"id":23971,"href":"https:\/\/galerie.uqam.ca\/en\/wp-json\/wp\/v2\/pages\/16467\/revisions\/23971"}],"up":[{"embeddable":true,"href":"https:\/\/galerie.uqam.ca\/en\/wp-json\/wp\/v2\/pages\/2274"}],"wp:attachment":[{"href":"https:\/\/galerie.uqam.ca\/en\/wp-json\/wp\/v2\/media?parent=16467"}],"curies":[{"name":"wp","href":"https:\/\/api.w.org\/{rel}","templated":true}]}}