{"id":16457,"date":"2021-07-20T16:01:20","date_gmt":"2021-07-20T20:01:20","guid":{"rendered":"https:\/\/galerie.uqam.ca\/educational-program\/visites-virtuelles\/"},"modified":"2024-03-08T12:28:14","modified_gmt":"2024-03-08T17:28:14","slug":"virtual-visits","status":"publish","type":"page","link":"https:\/\/galerie.uqam.ca\/en\/educational-program\/virtual-visits\/","title":{"rendered":"Virtual tours"},"content":{"rendered":"\n<p>The pandemic has prompted Galerie de l&#8217;UQAM to reinvent its educational practices and develop new methods of distanced mediation. Although sanitary conditions now allow us to resume <a href=\"https:\/\/galerie.uqam.ca\/en\/educational-program\/on-site\/\">guided tours in our exhibition spaces<\/a>, we also wish to maintain the possibility of opting for a virtual tour. This offer is ideal for groups who cannot come to Galerie de l&#8217;UQAM due to distance or any other circumstances.<\/p>\n\n\n\n<p>Using photographic and video documentation, our mediators will guide your group through a selection of works chosen for their ability to be enjoyed virtually. This will involve engaging in discussions with your students or participants in order to explore the artistic, social and political resonances of the considered works. These virtual tours can take place on the platform of your choice (Teams, Zoom, Skype, etc.).<\/p>\n\n\n\n<p>These virtual tours can cover:<\/p>\n\n\n\n<ul class=\"wp-block-list\">\n<li>the exhibitions<a href=\"https:\/\/galerie.uqam.ca\/en\/statut\/current\/\"> presented at Galerie de l&#8217;UQAM<\/a><\/li>\n\n\n\n<li>the virtual exhibition&nbsp;<em><a href=\"https:\/\/150ans150oeuvres.uqam.ca\/en\/\" target=\"_blank\" rel=\"noreferrer noopener\">Canad<\/a><a href=\"https:\/\/150ans150oeuvres.uqam.ca\/en\/\">ian Art as Historical Act<\/a><\/em><\/li>\n\n\n\n<li>the <a href=\"https:\/\/galerie.uqam.ca\/en\/oeuvres\/?collection=collection-uqam\">Collection d\u2019\u0153uvres d\u2019art de l\u2019UQAM<\/a><\/li>\n\n\n\n<li>the Petite Collection: foray into the world of artists\u2019 multiples<\/li>\n\n\n\n<li>other tours can be developed on request<\/li>\n<\/ul>\n\n\n\n<p>Our mediators will also introduce your groups more broadly to the phenomenon of virtual exhibitions and to the challenges regarding the digital presentation of works of art \u2013 issues that are radically transforming our field in the current context.<\/p>\n\n\n\n<p><\/p>\n\n\n\n<p><strong>Information and reservations<\/strong><\/p>\n\n\n\n<p>L\u00e9a Lanthier-Lapierre<br>Cultural Mediation and Communications Coordinator<br>Galerie de l\u2019UQAM<br><a href=\"mailto:lanthier-lapierre.lea@uqam.ca\">lanthier-lapierre.lea@uqam.ca<\/a><br>514 987-3000 ext. 20959<\/p>\n","protected":false},"excerpt":{"rendered":"<p>The pandemic has prompted Galerie de l&#8217;UQAM to reinvent its educational practices and develop new methods of distanced mediation. Although sanitary conditions now allow us to resume guided tours in our exhibition spaces, we also wish to maintain the possibility of opting for a virtual tour. This offer is ideal for groups who cannot come [&hellip;]<\/p>\n","protected":false},"author":1,"featured_media":0,"parent":2274,"menu_order":0,"comment_status":"closed","ping_status":"closed","template":"","meta":{"_acf_changed":false,"_monsterinsights_skip_tracking":false,"_monsterinsights_sitenote_active":false,"_monsterinsights_sitenote_note":"","_monsterinsights_sitenote_category":0,"footnotes":""},"class_list":["post-16457","page","type-page","status-publish","hentry"],"acf":[],"yoast_head":"<!-- This site is optimized with the Yoast SEO plugin v27.4 - https:\/\/yoast.com\/product\/yoast-seo-wordpress\/ -->\n<title>Virtual tours - Galerie de l&#039;UQAM<\/title>\n<meta name=\"robots\" content=\"index, follow, max-snippet:-1, max-image-preview:large, max-video-preview:-1\" \/>\n<link rel=\"canonical\" href=\"https:\/\/galerie.uqam.ca\/en\/educational-program\/virtual-visits\/\" \/>\n<meta property=\"og:locale\" content=\"en_US\" \/>\n<meta property=\"og:type\" content=\"article\" \/>\n<meta property=\"og:title\" content=\"Virtual tours - Galerie de l&#039;UQAM\" \/>\n<meta property=\"og:description\" content=\"The pandemic has prompted Galerie de l&#8217;UQAM to reinvent its educational practices and develop new methods of distanced mediation. Although sanitary conditions now allow us to resume guided tours in our exhibition spaces, we also wish to maintain the possibility of opting for a virtual tour. This offer is ideal for groups who cannot come [&hellip;]\" \/>\n<meta property=\"og:url\" content=\"https:\/\/galerie.uqam.ca\/en\/educational-program\/virtual-visits\/\" \/>\n<meta property=\"og:site_name\" content=\"Galerie de l&#039;UQAM\" \/>\n<meta property=\"article:modified_time\" content=\"2024-03-08T17:28:14+00:00\" \/>\n<meta property=\"og:image\" content=\"https:\/\/galerie.uqam.ca\/wp-content\/uploads\/2018\/02\/Logo_GalerieUQAM.jpg\" \/>\n\t<meta property=\"og:image:width\" content=\"1105\" \/>\n\t<meta property=\"og:image:height\" content=\"1537\" \/>\n\t<meta property=\"og:image:type\" content=\"image\/jpeg\" \/>\n<meta name=\"twitter:card\" content=\"summary_large_image\" \/>\n<meta name=\"twitter:label1\" content=\"Est. reading time\" \/>\n\t<meta name=\"twitter:data1\" content=\"2 minutes\" \/>\n<script type=\"application\/ld+json\" class=\"yoast-schema-graph\">{\"@context\":\"https:\\\/\\\/schema.org\",\"@graph\":[{\"@type\":\"WebPage\",\"@id\":\"https:\\\/\\\/galerie.uqam.ca\\\/en\\\/educational-program\\\/virtual-visits\\\/\",\"url\":\"https:\\\/\\\/galerie.uqam.ca\\\/en\\\/educational-program\\\/virtual-visits\\\/\",\"name\":\"Virtual tours - Galerie de l&#039;UQAM\",\"isPartOf\":{\"@id\":\"https:\\\/\\\/galerie.uqam.ca\\\/#website\"},\"datePublished\":\"2021-07-20T20:01:20+00:00\",\"dateModified\":\"2024-03-08T17:28:14+00:00\",\"breadcrumb\":{\"@id\":\"https:\\\/\\\/galerie.uqam.ca\\\/en\\\/educational-program\\\/virtual-visits\\\/#breadcrumb\"},\"inLanguage\":\"en-US\",\"potentialAction\":[{\"@type\":\"ReadAction\",\"target\":[\"https:\\\/\\\/galerie.uqam.ca\\\/en\\\/educational-program\\\/virtual-visits\\\/\"]}]},{\"@type\":\"BreadcrumbList\",\"@id\":\"https:\\\/\\\/galerie.uqam.ca\\\/en\\\/educational-program\\\/virtual-visits\\\/#breadcrumb\",\"itemListElement\":[{\"@type\":\"ListItem\",\"position\":1,\"name\":\"Home\",\"item\":\"https:\\\/\\\/galerie.uqam.ca\\\/\"},{\"@type\":\"ListItem\",\"position\":2,\"name\":\"Educational program\",\"item\":\"https:\\\/\\\/galerie.uqam.ca\\\/en\\\/educational-program\\\/\"},{\"@type\":\"ListItem\",\"position\":3,\"name\":\"Virtual tours\"}]},{\"@type\":\"WebSite\",\"@id\":\"https:\\\/\\\/galerie.uqam.ca\\\/#website\",\"url\":\"https:\\\/\\\/galerie.uqam.ca\\\/\",\"name\":\"Galerie de l&#039;UQAM\",\"description\":\"La Galerie de l\u2019UQAM est une galerie universitaire d\u00e9di\u00e9e \u00e0 l\u2019art contemporain.\",\"publisher\":{\"@id\":\"https:\\\/\\\/galerie.uqam.ca\\\/#organization\"},\"potentialAction\":[{\"@type\":\"SearchAction\",\"target\":{\"@type\":\"EntryPoint\",\"urlTemplate\":\"https:\\\/\\\/galerie.uqam.ca\\\/?s={search_term_string}\"},\"query-input\":{\"@type\":\"PropertyValueSpecification\",\"valueRequired\":true,\"valueName\":\"search_term_string\"}}],\"inLanguage\":\"en-US\"},{\"@type\":\"Organization\",\"@id\":\"https:\\\/\\\/galerie.uqam.ca\\\/#organization\",\"name\":\"Galerie de l&#039;UQAM\",\"url\":\"https:\\\/\\\/galerie.uqam.ca\\\/\",\"logo\":{\"@type\":\"ImageObject\",\"inLanguage\":\"en-US\",\"@id\":\"https:\\\/\\\/galerie.uqam.ca\\\/#\\\/schema\\\/logo\\\/image\\\/\",\"url\":\"https:\\\/\\\/galerie.uqam.ca\\\/wp-content\\\/uploads\\\/2018\\\/02\\\/Logo_GalerieUQAM.jpg\",\"contentUrl\":\"https:\\\/\\\/galerie.uqam.ca\\\/wp-content\\\/uploads\\\/2018\\\/02\\\/Logo_GalerieUQAM.jpg\",\"width\":1105,\"height\":1537,\"caption\":\"Galerie de l&#039;UQAM\"},\"image\":{\"@id\":\"https:\\\/\\\/galerie.uqam.ca\\\/#\\\/schema\\\/logo\\\/image\\\/\"}}]}<\/script>\n<!-- \/ Yoast SEO plugin. -->","yoast_head_json":{"title":"Virtual tours - Galerie de l&#039;UQAM","robots":{"index":"index","follow":"follow","max-snippet":"max-snippet:-1","max-image-preview":"max-image-preview:large","max-video-preview":"max-video-preview:-1"},"canonical":"https:\/\/galerie.uqam.ca\/en\/educational-program\/virtual-visits\/","og_locale":"en_US","og_type":"article","og_title":"Virtual tours - Galerie de l&#039;UQAM","og_description":"The pandemic has prompted Galerie de l&#8217;UQAM to reinvent its educational practices and develop new methods of distanced mediation. Although sanitary conditions now allow us to resume guided tours in our exhibition spaces, we also wish to maintain the possibility of opting for a virtual tour. This offer is ideal for groups who cannot come [&hellip;]","og_url":"https:\/\/galerie.uqam.ca\/en\/educational-program\/virtual-visits\/","og_site_name":"Galerie de l&#039;UQAM","article_modified_time":"2024-03-08T17:28:14+00:00","og_image":[{"width":1105,"height":1537,"url":"https:\/\/galerie.uqam.ca\/wp-content\/uploads\/2018\/02\/Logo_GalerieUQAM.jpg","type":"image\/jpeg"}],"twitter_card":"summary_large_image","twitter_misc":{"Est. reading time":"2 minutes"},"schema":{"@context":"https:\/\/schema.org","@graph":[{"@type":"WebPage","@id":"https:\/\/galerie.uqam.ca\/en\/educational-program\/virtual-visits\/","url":"https:\/\/galerie.uqam.ca\/en\/educational-program\/virtual-visits\/","name":"Virtual tours - Galerie de l&#039;UQAM","isPartOf":{"@id":"https:\/\/galerie.uqam.ca\/#website"},"datePublished":"2021-07-20T20:01:20+00:00","dateModified":"2024-03-08T17:28:14+00:00","breadcrumb":{"@id":"https:\/\/galerie.uqam.ca\/en\/educational-program\/virtual-visits\/#breadcrumb"},"inLanguage":"en-US","potentialAction":[{"@type":"ReadAction","target":["https:\/\/galerie.uqam.ca\/en\/educational-program\/virtual-visits\/"]}]},{"@type":"BreadcrumbList","@id":"https:\/\/galerie.uqam.ca\/en\/educational-program\/virtual-visits\/#breadcrumb","itemListElement":[{"@type":"ListItem","position":1,"name":"Home","item":"https:\/\/galerie.uqam.ca\/"},{"@type":"ListItem","position":2,"name":"Educational program","item":"https:\/\/galerie.uqam.ca\/en\/educational-program\/"},{"@type":"ListItem","position":3,"name":"Virtual tours"}]},{"@type":"WebSite","@id":"https:\/\/galerie.uqam.ca\/#website","url":"https:\/\/galerie.uqam.ca\/","name":"Galerie de l&#039;UQAM","description":"La Galerie de l\u2019UQAM est une galerie universitaire d\u00e9di\u00e9e \u00e0 l\u2019art contemporain.","publisher":{"@id":"https:\/\/galerie.uqam.ca\/#organization"},"potentialAction":[{"@type":"SearchAction","target":{"@type":"EntryPoint","urlTemplate":"https:\/\/galerie.uqam.ca\/?s={search_term_string}"},"query-input":{"@type":"PropertyValueSpecification","valueRequired":true,"valueName":"search_term_string"}}],"inLanguage":"en-US"},{"@type":"Organization","@id":"https:\/\/galerie.uqam.ca\/#organization","name":"Galerie de l&#039;UQAM","url":"https:\/\/galerie.uqam.ca\/","logo":{"@type":"ImageObject","inLanguage":"en-US","@id":"https:\/\/galerie.uqam.ca\/#\/schema\/logo\/image\/","url":"https:\/\/galerie.uqam.ca\/wp-content\/uploads\/2018\/02\/Logo_GalerieUQAM.jpg","contentUrl":"https:\/\/galerie.uqam.ca\/wp-content\/uploads\/2018\/02\/Logo_GalerieUQAM.jpg","width":1105,"height":1537,"caption":"Galerie de l&#039;UQAM"},"image":{"@id":"https:\/\/galerie.uqam.ca\/#\/schema\/logo\/image\/"}}]}},"_links":{"self":[{"href":"https:\/\/galerie.uqam.ca\/en\/wp-json\/wp\/v2\/pages\/16457","targetHints":{"allow":["GET"]}}],"collection":[{"href":"https:\/\/galerie.uqam.ca\/en\/wp-json\/wp\/v2\/pages"}],"about":[{"href":"https:\/\/galerie.uqam.ca\/en\/wp-json\/wp\/v2\/types\/page"}],"author":[{"embeddable":true,"href":"https:\/\/galerie.uqam.ca\/en\/wp-json\/wp\/v2\/users\/1"}],"replies":[{"embeddable":true,"href":"https:\/\/galerie.uqam.ca\/en\/wp-json\/wp\/v2\/comments?post=16457"}],"version-history":[{"count":15,"href":"https:\/\/galerie.uqam.ca\/en\/wp-json\/wp\/v2\/pages\/16457\/revisions"}],"predecessor-version":[{"id":23970,"href":"https:\/\/galerie.uqam.ca\/en\/wp-json\/wp\/v2\/pages\/16457\/revisions\/23970"}],"up":[{"embeddable":true,"href":"https:\/\/galerie.uqam.ca\/en\/wp-json\/wp\/v2\/pages\/2274"}],"wp:attachment":[{"href":"https:\/\/galerie.uqam.ca\/en\/wp-json\/wp\/v2\/media?parent=16457"}],"curies":[{"name":"wp","href":"https:\/\/api.w.org\/{rel}","templated":true}]}}