{"id":11313,"date":"2019-03-19T16:57:32","date_gmt":"2019-03-19T20:57:32","guid":{"rendered":"https:\/\/galerie2017.uqam.ca\/contact\/support\/"},"modified":"2022-04-06T10:46:47","modified_gmt":"2022-04-06T14:46:47","slug":"support","status":"publish","type":"page","link":"https:\/\/galerie.uqam.ca\/en\/contact\/support\/","title":{"rendered":"Support"},"content":{"rendered":"<p>Galerie de l\u2019UQAM wishes to thank the Universit\u00e9 du Qu\u00e9bec \u00e0 Montr\u00e9al, the Canada arts council and the Conseil des arts et des lettres du Qu\u00e9bec for their support to its annual operation, as well as the Department of Canadian Heritage its punctual support (Museum Assistance Program, Virtual Museum of Canada, Young Canada Works).<\/p>\n<table style=\"width: 100%; border-collapse: collapse; border-style: hidden;\" border=\"0\">\n<tbody>\n<tr style=\"height: 143px;\">\n<td style=\"width: 25%; height: 143px;\"><a href=\"https:\/\/uqam.ca\/english\/about\/\" target=\"_blank\" rel=\"noopener noreferrer\"><img loading=\"lazy\" decoding=\"async\" class=\"alignnone size-medium wp-image-8038\" src=\"https:\/\/galerie.uqam.ca\/wp-content\/uploads\/\/APROPOS_LogoUQAM-468x374.png\" alt=\"\" width=\"468\" height=\"374\" srcset=\"https:\/\/galerie.uqam.ca\/wp-content\/uploads\/APROPOS_LogoUQAM-468x374.png 468w, https:\/\/galerie.uqam.ca\/wp-content\/uploads\/APROPOS_LogoUQAM-204x163.png 204w, https:\/\/galerie.uqam.ca\/wp-content\/uploads\/APROPOS_LogoUQAM-336x269.png 336w, https:\/\/galerie.uqam.ca\/wp-content\/uploads\/APROPOS_LogoUQAM.png 500w\" sizes=\"auto, (max-width: 468px) 100vw, 468px\" \/><\/a><\/td>\n<td style=\"width: 25%; height: 143px;\"><a href=\"https:\/\/canadacouncil.ca\/?_ga=2.20356664.1076894813.1592252533-720019065.1592252533\" target=\"_blank\" rel=\"noopener noreferrer\"><img loading=\"lazy\" decoding=\"async\" class=\"alignnone size-medium wp-image-12557\" src=\"https:\/\/galerie.uqam.ca\/wp-content\/uploads\/\/CAC_en-468x374.jpg\" alt=\"\" width=\"468\" height=\"374\" srcset=\"https:\/\/galerie.uqam.ca\/wp-content\/uploads\/CAC_en-468x374.jpg 468w, https:\/\/galerie.uqam.ca\/wp-content\/uploads\/CAC_en-204x163.jpg 204w, https:\/\/galerie.uqam.ca\/wp-content\/uploads\/CAC_en-336x269.jpg 336w, https:\/\/galerie.uqam.ca\/wp-content\/uploads\/CAC_en.jpg 500w\" sizes=\"auto, (max-width: 468px) 100vw, 468px\" \/><\/a><\/td>\n<td style=\"width: 25%; height: 143px;\"><a href=\"https:\/\/www.calq.gouv.qc.ca\/en\/\" target=\"_blank\" rel=\"noopener noreferrer\"><img loading=\"lazy\" decoding=\"async\" class=\"alignnone size-medium wp-image-8020\" src=\"https:\/\/galerie.uqam.ca\/wp-content\/uploads\/\/APROPOS_LogoCALQ-468x374.png\" alt=\"\" width=\"468\" height=\"374\" srcset=\"https:\/\/galerie.uqam.ca\/wp-content\/uploads\/APROPOS_LogoCALQ-468x374.png 468w, https:\/\/galerie.uqam.ca\/wp-content\/uploads\/APROPOS_LogoCALQ-204x163.png 204w, https:\/\/galerie.uqam.ca\/wp-content\/uploads\/APROPOS_LogoCALQ-336x269.png 336w, https:\/\/galerie.uqam.ca\/wp-content\/uploads\/APROPOS_LogoCALQ.png 500w\" sizes=\"auto, (max-width: 468px) 100vw, 468px\" \/><\/a><\/td>\n<td style=\"width: 25%; height: 143px;\"><a href=\"https:\/\/www.canada.ca\/en\/canadian-heritage.html\" target=\"_blank\" rel=\"noopener noreferrer\"><img loading=\"lazy\" decoding=\"async\" class=\"alignnone size-medium wp-image-8034\" src=\"https:\/\/galerie.uqam.ca\/wp-content\/uploads\/\/APROPOS_LogosPatrimoine-468x374.png\" alt=\"\" width=\"468\" height=\"374\" srcset=\"https:\/\/galerie.uqam.ca\/wp-content\/uploads\/APROPOS_LogosPatrimoine-468x374.png 468w, https:\/\/galerie.uqam.ca\/wp-content\/uploads\/APROPOS_LogosPatrimoine-204x163.png 204w, https:\/\/galerie.uqam.ca\/wp-content\/uploads\/APROPOS_LogosPatrimoine-336x269.png 336w, https:\/\/galerie.uqam.ca\/wp-content\/uploads\/APROPOS_LogosPatrimoine.png 500w\" sizes=\"auto, (max-width: 468px) 100vw, 468px\" \/><\/a><\/td>\n<\/tr>\n<\/tbody>\n<\/table>\n<p dir=\"ltr\" data-placeholder=\"Traduction\">\n<p id=\"tw-target-text\" class=\"tw-data-text tw-ta tw-text-small\" dir=\"ltr\" data-placeholder=\"Traduction\"><span lang=\"en\" tabindex=\"0\">Galerie de l&#8217;UQAM is closely linked to the museum network by its structure and its staff. As a member of the Soci\u00e9t\u00e9 des mus\u00e9es montr\u00e9alais (SDMM), the Soci\u00e9t\u00e9 des mus\u00e9es qu\u00e9b\u00e9cois (SMQ), the Canadian Museums Association (AMC), the Canadian Art Museums Director&#8217;s Organization (CAMDO), the University and College Art Galleries Association of Canada (UCAGAC), International Committee for Museums and Collections of Modern Art (CIMAM), International Council of Museums (ICOM), International Association of Curators of Contemporary Art (IKT), Culture Montr\u00e9al and the Institut du Nouveau Monde (INM), Galerie de l&#8217;UQAM takes an active role in the specialized network of the Canadian and international museum community.<\/span><\/p>\n<table style=\"width: 100%; border-collapse: collapse; border-style: hidden;\" border=\"0\">\n<tbody>\n<tr>\n<td style=\"width: 145px;\"><a href=\"http:\/\/museesmontreal.org\/en\" target=\"_blank\" rel=\"noopener noreferrer\"><img loading=\"lazy\" decoding=\"async\" class=\"alignnone size-medium wp-image-8030\" src=\"https:\/\/galerie.uqam.ca\/wp-content\/uploads\/\/APROPOS_LogoSDMM-468x374.png\" alt=\"\" width=\"468\" height=\"374\" srcset=\"https:\/\/galerie.uqam.ca\/wp-content\/uploads\/APROPOS_LogoSDMM-468x374.png 468w, https:\/\/galerie.uqam.ca\/wp-content\/uploads\/APROPOS_LogoSDMM-204x163.png 204w, https:\/\/galerie.uqam.ca\/wp-content\/uploads\/APROPOS_LogoSDMM-336x269.png 336w, https:\/\/galerie.uqam.ca\/wp-content\/uploads\/APROPOS_LogoSDMM.png 500w\" sizes=\"auto, (max-width: 468px) 100vw, 468px\" \/><\/a><\/td>\n<td style=\"width: 145px;\"><a href=\"https:\/\/www.musees.qc.ca\/en\/museums\/\" target=\"_blank\" rel=\"noopener noreferrer\"><img loading=\"lazy\" decoding=\"async\" class=\"alignnone size-medium wp-image-8032\" src=\"https:\/\/galerie.uqam.ca\/wp-content\/uploads\/\/APROPOS_LogoSMQ-468x374.png\" alt=\"\" width=\"468\" height=\"374\" srcset=\"https:\/\/galerie.uqam.ca\/wp-content\/uploads\/APROPOS_LogoSMQ-468x374.png 468w, https:\/\/galerie.uqam.ca\/wp-content\/uploads\/APROPOS_LogoSMQ-204x163.png 204w, https:\/\/galerie.uqam.ca\/wp-content\/uploads\/APROPOS_LogoSMQ-336x269.png 336w, https:\/\/galerie.uqam.ca\/wp-content\/uploads\/APROPOS_LogoSMQ.png 500w\" sizes=\"auto, (max-width: 468px) 100vw, 468px\" \/><\/a><\/td>\n<td style=\"width: 145px;\"><a href=\"https:\/\/www.museums.ca\/\" target=\"_blank\" rel=\"noopener noreferrer\"><img loading=\"lazy\" decoding=\"async\" class=\"alignnone size-medium wp-image-8016\" src=\"https:\/\/galerie.uqam.ca\/wp-content\/uploads\/\/APROPOS_LogoAMC-468x374.png\" alt=\"\" width=\"468\" height=\"374\" srcset=\"https:\/\/galerie.uqam.ca\/wp-content\/uploads\/APROPOS_LogoAMC-468x374.png 468w, https:\/\/galerie.uqam.ca\/wp-content\/uploads\/APROPOS_LogoAMC-204x163.png 204w, https:\/\/galerie.uqam.ca\/wp-content\/uploads\/APROPOS_LogoAMC-336x269.png 336w, https:\/\/galerie.uqam.ca\/wp-content\/uploads\/APROPOS_LogoAMC.png 500w\" sizes=\"auto, (max-width: 468px) 100vw, 468px\" \/><\/a><\/td>\n<td style=\"width: 144px;\"><a href=\"http:\/\/www.camdo-odmac.ca\/\" target=\"_blank\" rel=\"noopener noreferrer\"><img loading=\"lazy\" decoding=\"async\" class=\"alignnone size-medium wp-image-8022\" src=\"https:\/\/galerie.uqam.ca\/wp-content\/uploads\/\/APROPOS_LogoCAMDO-468x374.png\" alt=\"\" width=\"468\" height=\"374\" srcset=\"https:\/\/galerie.uqam.ca\/wp-content\/uploads\/APROPOS_LogoCAMDO-468x374.png 468w, https:\/\/galerie.uqam.ca\/wp-content\/uploads\/APROPOS_LogoCAMDO-204x163.png 204w, https:\/\/galerie.uqam.ca\/wp-content\/uploads\/APROPOS_LogoCAMDO-336x269.png 336w, https:\/\/galerie.uqam.ca\/wp-content\/uploads\/APROPOS_LogoCAMDO.png 500w\" sizes=\"auto, (max-width: 468px) 100vw, 468px\" \/><\/a><\/td>\n<\/tr>\n<tr>\n<td style=\"width: 145px;\"><a href=\"https:\/\/ucagac.ca\/en\/\" target=\"_blank\" rel=\"noopener noreferrer\"><img loading=\"lazy\" decoding=\"async\" class=\"alignnone size-medium wp-image-8036\" src=\"https:\/\/galerie.uqam.ca\/wp-content\/uploads\/\/APROPOS_LogosUCAGAC-468x374.png\" alt=\"\" width=\"468\" height=\"374\" srcset=\"https:\/\/galerie.uqam.ca\/wp-content\/uploads\/APROPOS_LogosUCAGAC-468x374.png 468w, https:\/\/galerie.uqam.ca\/wp-content\/uploads\/APROPOS_LogosUCAGAC-204x163.png 204w, https:\/\/galerie.uqam.ca\/wp-content\/uploads\/APROPOS_LogosUCAGAC-336x269.png 336w, https:\/\/galerie.uqam.ca\/wp-content\/uploads\/APROPOS_LogosUCAGAC.png 500w\" sizes=\"auto, (max-width: 468px) 100vw, 468px\" \/><\/a><\/td>\n<td style=\"width: 145px;\"><a href=\"https:\/\/cimam.org\/\" target=\"_blank\" rel=\"noopener noreferrer\"><img loading=\"lazy\" decoding=\"async\" class=\"alignnone size-medium wp-image-8028\" src=\"https:\/\/galerie.uqam.ca\/wp-content\/uploads\/\/APROPOS_LogosCIMAM-468x375.png\" alt=\"\" width=\"468\" height=\"375\" srcset=\"https:\/\/galerie.uqam.ca\/wp-content\/uploads\/APROPOS_LogosCIMAM-468x375.png 468w, https:\/\/galerie.uqam.ca\/wp-content\/uploads\/APROPOS_LogosCIMAM-204x164.png 204w, https:\/\/galerie.uqam.ca\/wp-content\/uploads\/APROPOS_LogosCIMAM-336x269.png 336w, https:\/\/galerie.uqam.ca\/wp-content\/uploads\/APROPOS_LogosCIMAM.png 500w\" sizes=\"auto, (max-width: 468px) 100vw, 468px\" \/><\/a><\/td>\n<td style=\"width: 145px;\"><a href=\"https:\/\/icom.museum\/en\/\" target=\"_blank\" rel=\"noopener noreferrer\"><img loading=\"lazy\" decoding=\"async\" class=\"alignnone size-medium wp-image-8024\" src=\"https:\/\/galerie.uqam.ca\/wp-content\/uploads\/\/APROPOS_LogoICOM_en-468x374.png\" alt=\"\" width=\"468\" height=\"374\" srcset=\"https:\/\/galerie.uqam.ca\/wp-content\/uploads\/APROPOS_LogoICOM_en-468x374.png 468w, https:\/\/galerie.uqam.ca\/wp-content\/uploads\/APROPOS_LogoICOM_en-204x163.png 204w, https:\/\/galerie.uqam.ca\/wp-content\/uploads\/APROPOS_LogoICOM_en-336x269.png 336w, https:\/\/galerie.uqam.ca\/wp-content\/uploads\/APROPOS_LogoICOM_en.png 500w\" sizes=\"auto, (max-width: 468px) 100vw, 468px\" \/><\/a><\/td>\n<td style=\"width: 144px;\"><a href=\"https:\/\/www.iktsite.org\/\" target=\"_blank\" rel=\"noopener noreferrer\"><img loading=\"lazy\" decoding=\"async\" class=\"alignnone size-medium wp-image-8174\" src=\"https:\/\/galerie.uqam.ca\/wp-content\/uploads\/\/APROPOS_LogoIKT-468x375.png\" alt=\"\" width=\"468\" height=\"375\" srcset=\"https:\/\/galerie.uqam.ca\/wp-content\/uploads\/APROPOS_LogoIKT-468x375.png 468w, https:\/\/galerie.uqam.ca\/wp-content\/uploads\/APROPOS_LogoIKT-204x164.png 204w, https:\/\/galerie.uqam.ca\/wp-content\/uploads\/APROPOS_LogoIKT-336x269.png 336w, https:\/\/galerie.uqam.ca\/wp-content\/uploads\/APROPOS_LogoIKT.png 500w\" sizes=\"auto, (max-width: 468px) 100vw, 468px\" \/><\/a><\/td>\n<\/tr>\n<tr>\n<td style=\"width: 145px;\"><a href=\"http:\/\/www.voiesculturelles.qc.ca\/\" target=\"_blank\" rel=\"noopener noreferrer\"><img loading=\"lazy\" decoding=\"async\" class=\"wp-image-13215 size-medium alignnone\" src=\"https:\/\/galerie.uqam.ca\/wp-content\/uploads\/\/logo_Voies-culturelles-Faubourg-468x374.jpg\" alt=\"\" width=\"468\" height=\"374\" srcset=\"https:\/\/galerie.uqam.ca\/wp-content\/uploads\/logo_Voies-culturelles-Faubourg-468x374.jpg 468w, https:\/\/galerie.uqam.ca\/wp-content\/uploads\/logo_Voies-culturelles-Faubourg-204x163.jpg 204w, https:\/\/galerie.uqam.ca\/wp-content\/uploads\/logo_Voies-culturelles-Faubourg-336x269.jpg 336w, https:\/\/galerie.uqam.ca\/wp-content\/uploads\/logo_Voies-culturelles-Faubourg.jpg 500w\" sizes=\"auto, (max-width: 468px) 100vw, 468px\" \/><\/a><\/td>\n<td style=\"width: 145px;\"><a href=\"https:\/\/culturemontreal.ca\/\" target=\"_blank\" rel=\"noopener noreferrer\"><img loading=\"lazy\" decoding=\"async\" class=\"alignnone size-medium wp-image-11455\" src=\"https:\/\/galerie.uqam.ca\/wp-content\/uploads\/\/Logo_CultureMontreal-468x374.png\" alt=\"\" width=\"468\" height=\"374\" srcset=\"https:\/\/galerie.uqam.ca\/wp-content\/uploads\/Logo_CultureMontreal-468x374.png 468w, https:\/\/galerie.uqam.ca\/wp-content\/uploads\/Logo_CultureMontreal-204x163.png 204w, https:\/\/galerie.uqam.ca\/wp-content\/uploads\/Logo_CultureMontreal-336x269.png 336w, https:\/\/galerie.uqam.ca\/wp-content\/uploads\/Logo_CultureMontreal.png 500w\" sizes=\"auto, (max-width: 468px) 100vw, 468px\" \/><\/a><\/td>\n<td style=\"width: 145px;\"><a href=\"https:\/\/inm.qc.ca\/\" target=\"_blank\" rel=\"noopener noreferrer\"><img loading=\"lazy\" decoding=\"async\" class=\"alignnone size-medium wp-image-11453\" src=\"https:\/\/galerie.uqam.ca\/wp-content\/uploads\/\/Logo_InstitutNouveauMonde-468x375.jpg\" alt=\"\" width=\"468\" height=\"375\" srcset=\"https:\/\/galerie.uqam.ca\/wp-content\/uploads\/Logo_InstitutNouveauMonde-468x375.jpg 468w, https:\/\/galerie.uqam.ca\/wp-content\/uploads\/Logo_InstitutNouveauMonde-204x164.jpg 204w, https:\/\/galerie.uqam.ca\/wp-content\/uploads\/Logo_InstitutNouveauMonde-336x269.jpg 336w, https:\/\/galerie.uqam.ca\/wp-content\/uploads\/Logo_InstitutNouveauMonde.jpg 500w\" sizes=\"auto, (max-width: 468px) 100vw, 468px\" \/><\/a><\/td>\n<td style=\"width: 144px;\"><a href=\"https:\/\/www.mcc.gouv.qc.ca\/\"><img loading=\"lazy\" decoding=\"async\" class=\"alignnone size-medium wp-image-18556\" src=\"https:\/\/galerie.uqam.ca\/wp-content\/uploads\/\/mcc-468x468.jpg\" alt=\"\" width=\"468\" height=\"468\" srcset=\"https:\/\/galerie.uqam.ca\/wp-content\/uploads\/mcc-468x468.jpg 468w, https:\/\/galerie.uqam.ca\/wp-content\/uploads\/mcc-704x704.jpg 704w, https:\/\/galerie.uqam.ca\/wp-content\/uploads\/mcc-204x204.jpg 204w, https:\/\/galerie.uqam.ca\/wp-content\/uploads\/mcc-1536x1536.jpg 1536w, https:\/\/galerie.uqam.ca\/wp-content\/uploads\/mcc-2048x2048.jpg 2048w, https:\/\/galerie.uqam.ca\/wp-content\/uploads\/mcc-336x336.jpg 336w\" sizes=\"auto, (max-width: 468px) 100vw, 468px\" \/><\/a><\/td>\n<\/tr>\n<\/tbody>\n<\/table>\n<p dir=\"ltr\" data-placeholder=\"Traduction\">\n<p>The activities of Galerie de l&#8217;UQAM also benefit from the collaboration of many structures from the Universit\u00e9 du Qu\u00e9bec \u00e0 Montr\u00e9al, including the Facult\u00e9 des arts, the \u00c9cole des arts visuels et m\u00e9diatiques, the D\u00e9partement d&#8217;histoire de l&#8217;art, Museology programs and the Service de l&#8217;audio-visuel.<\/p>\n","protected":false},"excerpt":{"rendered":"<p>Galerie de l\u2019UQAM wishes to thank the Universit\u00e9 du Qu\u00e9bec \u00e0 Montr\u00e9al, the Canada arts council and the Conseil des arts et des lettres du Qu\u00e9bec for their support to its annual operation, as well as the Department of Canadian Heritage its punctual support (Museum Assistance Program, Virtual Museum of Canada, Young Canada Works). Galerie [&hellip;]<\/p>\n","protected":false},"author":1,"featured_media":0,"parent":10492,"menu_order":0,"comment_status":"closed","ping_status":"closed","template":"","meta":{"_acf_changed":false,"_monsterinsights_skip_tracking":false,"_monsterinsights_sitenote_active":false,"_monsterinsights_sitenote_note":"","_monsterinsights_sitenote_category":0,"footnotes":""},"class_list":["post-11313","page","type-page","status-publish","hentry"],"acf":[],"yoast_head":"<!-- This site is optimized with the Yoast SEO plugin v27.4 - https:\/\/yoast.com\/product\/yoast-seo-wordpress\/ -->\n<title>Support - Galerie de l&#039;UQAM<\/title>\n<meta name=\"robots\" content=\"index, follow, max-snippet:-1, max-image-preview:large, max-video-preview:-1\" \/>\n<link rel=\"canonical\" href=\"https:\/\/galerie.uqam.ca\/en\/contact\/support\/\" \/>\n<meta property=\"og:locale\" content=\"en_US\" \/>\n<meta property=\"og:type\" content=\"article\" \/>\n<meta property=\"og:title\" content=\"Support - Galerie de l&#039;UQAM\" \/>\n<meta property=\"og:description\" content=\"Galerie de l\u2019UQAM wishes to thank the Universit\u00e9 du Qu\u00e9bec \u00e0 Montr\u00e9al, the Canada arts council and the Conseil des arts et des lettres du Qu\u00e9bec for their support to its annual operation, as well as the Department of Canadian Heritage its punctual support (Museum Assistance Program, Virtual Museum of Canada, Young Canada Works). Galerie [&hellip;]\" \/>\n<meta property=\"og:url\" content=\"https:\/\/galerie.uqam.ca\/en\/contact\/support\/\" \/>\n<meta property=\"og:site_name\" content=\"Galerie de l&#039;UQAM\" \/>\n<meta property=\"article:modified_time\" content=\"2022-04-06T14:46:47+00:00\" \/>\n<meta property=\"og:image\" content=\"https:\/\/galerie.uqam.ca\/wp-content\/uploads\/\/APROPOS_LogoUQAM-468x374.png\" \/>\n<meta name=\"twitter:card\" content=\"summary_large_image\" \/>\n<meta name=\"twitter:label1\" content=\"Est. reading time\" \/>\n\t<meta name=\"twitter:data1\" content=\"5 minutes\" \/>\n<script type=\"application\/ld+json\" class=\"yoast-schema-graph\">{\"@context\":\"https:\\\/\\\/schema.org\",\"@graph\":[{\"@type\":\"WebPage\",\"@id\":\"https:\\\/\\\/galerie.uqam.ca\\\/en\\\/contact\\\/support\\\/\",\"url\":\"https:\\\/\\\/galerie.uqam.ca\\\/en\\\/contact\\\/support\\\/\",\"name\":\"Support - Galerie de l&#039;UQAM\",\"isPartOf\":{\"@id\":\"https:\\\/\\\/galerie.uqam.ca\\\/#website\"},\"primaryImageOfPage\":{\"@id\":\"https:\\\/\\\/galerie.uqam.ca\\\/en\\\/contact\\\/support\\\/#primaryimage\"},\"image\":{\"@id\":\"https:\\\/\\\/galerie.uqam.ca\\\/en\\\/contact\\\/support\\\/#primaryimage\"},\"thumbnailUrl\":\"https:\\\/\\\/galerie.uqam.ca\\\/wp-content\\\/uploads\\\/\\\/APROPOS_LogoUQAM-468x374.png\",\"datePublished\":\"2019-03-19T20:57:32+00:00\",\"dateModified\":\"2022-04-06T14:46:47+00:00\",\"breadcrumb\":{\"@id\":\"https:\\\/\\\/galerie.uqam.ca\\\/en\\\/contact\\\/support\\\/#breadcrumb\"},\"inLanguage\":\"en-US\",\"potentialAction\":[{\"@type\":\"ReadAction\",\"target\":[\"https:\\\/\\\/galerie.uqam.ca\\\/en\\\/contact\\\/support\\\/\"]}]},{\"@type\":\"ImageObject\",\"inLanguage\":\"en-US\",\"@id\":\"https:\\\/\\\/galerie.uqam.ca\\\/en\\\/contact\\\/support\\\/#primaryimage\",\"url\":\"https:\\\/\\\/galerie.uqam.ca\\\/wp-content\\\/uploads\\\/\\\/APROPOS_LogoUQAM-468x374.png\",\"contentUrl\":\"https:\\\/\\\/galerie.uqam.ca\\\/wp-content\\\/uploads\\\/\\\/APROPOS_LogoUQAM-468x374.png\"},{\"@type\":\"BreadcrumbList\",\"@id\":\"https:\\\/\\\/galerie.uqam.ca\\\/en\\\/contact\\\/support\\\/#breadcrumb\",\"itemListElement\":[{\"@type\":\"ListItem\",\"position\":1,\"name\":\"Home\",\"item\":\"https:\\\/\\\/galerie.uqam.ca\\\/\"},{\"@type\":\"ListItem\",\"position\":2,\"name\":\"Contact\",\"item\":\"https:\\\/\\\/galerie.uqam.ca\\\/en\\\/contact\\\/\"},{\"@type\":\"ListItem\",\"position\":3,\"name\":\"Support\"}]},{\"@type\":\"WebSite\",\"@id\":\"https:\\\/\\\/galerie.uqam.ca\\\/#website\",\"url\":\"https:\\\/\\\/galerie.uqam.ca\\\/\",\"name\":\"Galerie de l&#039;UQAM\",\"description\":\"La Galerie de l\u2019UQAM est une galerie universitaire d\u00e9di\u00e9e \u00e0 l\u2019art contemporain.\",\"publisher\":{\"@id\":\"https:\\\/\\\/galerie.uqam.ca\\\/#organization\"},\"potentialAction\":[{\"@type\":\"SearchAction\",\"target\":{\"@type\":\"EntryPoint\",\"urlTemplate\":\"https:\\\/\\\/galerie.uqam.ca\\\/?s={search_term_string}\"},\"query-input\":{\"@type\":\"PropertyValueSpecification\",\"valueRequired\":true,\"valueName\":\"search_term_string\"}}],\"inLanguage\":\"en-US\"},{\"@type\":\"Organization\",\"@id\":\"https:\\\/\\\/galerie.uqam.ca\\\/#organization\",\"name\":\"Galerie de l&#039;UQAM\",\"url\":\"https:\\\/\\\/galerie.uqam.ca\\\/\",\"logo\":{\"@type\":\"ImageObject\",\"inLanguage\":\"en-US\",\"@id\":\"https:\\\/\\\/galerie.uqam.ca\\\/#\\\/schema\\\/logo\\\/image\\\/\",\"url\":\"https:\\\/\\\/galerie.uqam.ca\\\/wp-content\\\/uploads\\\/2018\\\/02\\\/Logo_GalerieUQAM.jpg\",\"contentUrl\":\"https:\\\/\\\/galerie.uqam.ca\\\/wp-content\\\/uploads\\\/2018\\\/02\\\/Logo_GalerieUQAM.jpg\",\"width\":1105,\"height\":1537,\"caption\":\"Galerie de l&#039;UQAM\"},\"image\":{\"@id\":\"https:\\\/\\\/galerie.uqam.ca\\\/#\\\/schema\\\/logo\\\/image\\\/\"}}]}<\/script>\n<!-- \/ Yoast SEO plugin. -->","yoast_head_json":{"title":"Support - Galerie de l&#039;UQAM","robots":{"index":"index","follow":"follow","max-snippet":"max-snippet:-1","max-image-preview":"max-image-preview:large","max-video-preview":"max-video-preview:-1"},"canonical":"https:\/\/galerie.uqam.ca\/en\/contact\/support\/","og_locale":"en_US","og_type":"article","og_title":"Support - Galerie de l&#039;UQAM","og_description":"Galerie de l\u2019UQAM wishes to thank the Universit\u00e9 du Qu\u00e9bec \u00e0 Montr\u00e9al, the Canada arts council and the Conseil des arts et des lettres du Qu\u00e9bec for their support to its annual operation, as well as the Department of Canadian Heritage its punctual support (Museum Assistance Program, Virtual Museum of Canada, Young Canada Works). Galerie [&hellip;]","og_url":"https:\/\/galerie.uqam.ca\/en\/contact\/support\/","og_site_name":"Galerie de l&#039;UQAM","article_modified_time":"2022-04-06T14:46:47+00:00","og_image":[{"url":"https:\/\/galerie.uqam.ca\/wp-content\/uploads\/\/APROPOS_LogoUQAM-468x374.png","type":"","width":"","height":""}],"twitter_card":"summary_large_image","twitter_misc":{"Est. reading time":"5 minutes"},"schema":{"@context":"https:\/\/schema.org","@graph":[{"@type":"WebPage","@id":"https:\/\/galerie.uqam.ca\/en\/contact\/support\/","url":"https:\/\/galerie.uqam.ca\/en\/contact\/support\/","name":"Support - Galerie de l&#039;UQAM","isPartOf":{"@id":"https:\/\/galerie.uqam.ca\/#website"},"primaryImageOfPage":{"@id":"https:\/\/galerie.uqam.ca\/en\/contact\/support\/#primaryimage"},"image":{"@id":"https:\/\/galerie.uqam.ca\/en\/contact\/support\/#primaryimage"},"thumbnailUrl":"https:\/\/galerie.uqam.ca\/wp-content\/uploads\/\/APROPOS_LogoUQAM-468x374.png","datePublished":"2019-03-19T20:57:32+00:00","dateModified":"2022-04-06T14:46:47+00:00","breadcrumb":{"@id":"https:\/\/galerie.uqam.ca\/en\/contact\/support\/#breadcrumb"},"inLanguage":"en-US","potentialAction":[{"@type":"ReadAction","target":["https:\/\/galerie.uqam.ca\/en\/contact\/support\/"]}]},{"@type":"ImageObject","inLanguage":"en-US","@id":"https:\/\/galerie.uqam.ca\/en\/contact\/support\/#primaryimage","url":"https:\/\/galerie.uqam.ca\/wp-content\/uploads\/\/APROPOS_LogoUQAM-468x374.png","contentUrl":"https:\/\/galerie.uqam.ca\/wp-content\/uploads\/\/APROPOS_LogoUQAM-468x374.png"},{"@type":"BreadcrumbList","@id":"https:\/\/galerie.uqam.ca\/en\/contact\/support\/#breadcrumb","itemListElement":[{"@type":"ListItem","position":1,"name":"Home","item":"https:\/\/galerie.uqam.ca\/"},{"@type":"ListItem","position":2,"name":"Contact","item":"https:\/\/galerie.uqam.ca\/en\/contact\/"},{"@type":"ListItem","position":3,"name":"Support"}]},{"@type":"WebSite","@id":"https:\/\/galerie.uqam.ca\/#website","url":"https:\/\/galerie.uqam.ca\/","name":"Galerie de l&#039;UQAM","description":"La Galerie de l\u2019UQAM est une galerie universitaire d\u00e9di\u00e9e \u00e0 l\u2019art contemporain.","publisher":{"@id":"https:\/\/galerie.uqam.ca\/#organization"},"potentialAction":[{"@type":"SearchAction","target":{"@type":"EntryPoint","urlTemplate":"https:\/\/galerie.uqam.ca\/?s={search_term_string}"},"query-input":{"@type":"PropertyValueSpecification","valueRequired":true,"valueName":"search_term_string"}}],"inLanguage":"en-US"},{"@type":"Organization","@id":"https:\/\/galerie.uqam.ca\/#organization","name":"Galerie de l&#039;UQAM","url":"https:\/\/galerie.uqam.ca\/","logo":{"@type":"ImageObject","inLanguage":"en-US","@id":"https:\/\/galerie.uqam.ca\/#\/schema\/logo\/image\/","url":"https:\/\/galerie.uqam.ca\/wp-content\/uploads\/2018\/02\/Logo_GalerieUQAM.jpg","contentUrl":"https:\/\/galerie.uqam.ca\/wp-content\/uploads\/2018\/02\/Logo_GalerieUQAM.jpg","width":1105,"height":1537,"caption":"Galerie de l&#039;UQAM"},"image":{"@id":"https:\/\/galerie.uqam.ca\/#\/schema\/logo\/image\/"}}]}},"_links":{"self":[{"href":"https:\/\/galerie.uqam.ca\/en\/wp-json\/wp\/v2\/pages\/11313","targetHints":{"allow":["GET"]}}],"collection":[{"href":"https:\/\/galerie.uqam.ca\/en\/wp-json\/wp\/v2\/pages"}],"about":[{"href":"https:\/\/galerie.uqam.ca\/en\/wp-json\/wp\/v2\/types\/page"}],"author":[{"embeddable":true,"href":"https:\/\/galerie.uqam.ca\/en\/wp-json\/wp\/v2\/users\/1"}],"replies":[{"embeddable":true,"href":"https:\/\/galerie.uqam.ca\/en\/wp-json\/wp\/v2\/comments?post=11313"}],"version-history":[{"count":18,"href":"https:\/\/galerie.uqam.ca\/en\/wp-json\/wp\/v2\/pages\/11313\/revisions"}],"predecessor-version":[{"id":18562,"href":"https:\/\/galerie.uqam.ca\/en\/wp-json\/wp\/v2\/pages\/11313\/revisions\/18562"}],"up":[{"embeddable":true,"href":"https:\/\/galerie.uqam.ca\/en\/wp-json\/wp\/v2\/pages\/10492"}],"wp:attachment":[{"href":"https:\/\/galerie.uqam.ca\/en\/wp-json\/wp\/v2\/media?parent=11313"}],"curies":[{"name":"wp","href":"https:\/\/api.w.org\/{rel}","templated":true}]}}