{"id":10886,"date":"2019-02-22T14:42:21","date_gmt":"2019-02-22T19:42:21","guid":{"rendered":"https:\/\/galerie2017.uqam.ca\/about-les-petits-carnets\/"},"modified":"2020-03-02T15:31:13","modified_gmt":"2020-03-02T20:31:13","slug":"about-les-petits-carnets","status":"publish","type":"page","link":"https:\/\/galerie.uqam.ca\/en\/about-les-petits-carnets\/","title":{"rendered":"About \u00c9ditions les petits carnets"},"content":{"rendered":"\n<\/p><p>\u00c9ditions les petits carnets&nbsp;were created in 1997 by Louise D\u00e9ry and Monique R\u00e9gimbald-Zeiber. They are born of a desire to establish, in art world, a space of writing for free thought. They foster formal and methodological experimentation, as well as innovating relationships between text and image. These publications are available at Galerie de l&#8217;UQAM. <\/p><p>\n\n\n<p><strong>DISTRIBUTION \u2013 BOOKSELLERS<\/strong><\/p>\n<p>Books published by \u00c9ditions les petits carnets are distributed by <a href=\"http:\/\/www.dimedia.com\/index.php\">Diffusion Dimedia<\/a>\u00a0through\u00a0<a href=\"https:\/\/editeurs-art-contemporain.org\/\">C\u00c9AC<\/a>, a collective of contemporary art editors gathered to reflect on the many forms that the publishing of art books can take. Members: Centre Sagamie; Galerie de l\u2019UQAM; EXPRESSION, Centre d\u2019exposition de Saint-Hyacinthe; Concordia University\u2019s Leonard &amp; Bina Ellen Art Gallery; MOMENTA | Biennale de l\u2019image; Mus\u00e9e d\u2019art de Joliette; Plein sud, centre d\u2019exposition en art actuel; VOX, centre de l\u2019image contemporaine; VU Centre de diffusion et de production de la photographie<\/p>\n<p><strong>DISTRIBUTION \u2013 INDIVIDUALS AND INSTITUTIONS<\/strong><\/p>\n<p>We ask that individuals and institutions who do not have a prior agreement with Diffusion Dimedia contact Galerie de l\u2019UQAM directly to plan publications orders.<\/p>\n<p>Galerie de l\u2019UQAM<br \/>Case postale 8888<br \/>Succursale Centre-ville<br \/>Montr\u00e9al (Qu\u00e9bec)<br \/>H3C 3P8<br \/>Canada<br \/>514\u00a0987-6150<br \/><a href=\"mailto:galerie@uqam.ca\">galerie@uqam.ca<\/a><\/p>","protected":false},"excerpt":{"rendered":"<p>\u00c9ditions les petits carnets\u00a0were created in 1997 by Louise D\u00e9ry and Monique R\u00e9gimbald-Zeiber. They are born of a desire to establish, in art world, a space of writing for free thought. They foster formal and methodological experimentation, as well as innovating relationships between text and image.<\/p>\n","protected":false},"author":1,"featured_media":0,"parent":0,"menu_order":0,"comment_status":"closed","ping_status":"closed","template":"","meta":{"_acf_changed":false,"_monsterinsights_skip_tracking":false,"_monsterinsights_sitenote_active":false,"_monsterinsights_sitenote_note":"","_monsterinsights_sitenote_category":0,"footnotes":""},"class_list":["post-10886","page","type-page","status-publish","hentry"],"acf":[],"yoast_head":"<!-- This site is optimized with the Yoast SEO plugin v27.4 - https:\/\/yoast.com\/product\/yoast-seo-wordpress\/ -->\n<title>About \u00c9ditions les petits carnets - Galerie de l&#039;UQAM<\/title>\n<meta name=\"robots\" content=\"index, follow, max-snippet:-1, max-image-preview:large, max-video-preview:-1\" \/>\n<link rel=\"canonical\" href=\"https:\/\/galerie.uqam.ca\/en\/about-les-petits-carnets\/\" \/>\n<meta property=\"og:locale\" content=\"en_US\" \/>\n<meta property=\"og:type\" content=\"article\" \/>\n<meta property=\"og:title\" content=\"About \u00c9ditions les petits carnets - Galerie de l&#039;UQAM\" \/>\n<meta property=\"og:description\" content=\"\u00c9ditions les petits carnets\u00a0were created in 1997 by Louise D\u00e9ry and Monique R\u00e9gimbald-Zeiber. They are born of a desire to establish, in art world, a space of writing for free thought. They foster formal and methodological experimentation, as well as innovating relationships between text and image.\" \/>\n<meta property=\"og:url\" content=\"https:\/\/galerie.uqam.ca\/en\/about-les-petits-carnets\/\" \/>\n<meta property=\"og:site_name\" content=\"Galerie de l&#039;UQAM\" \/>\n<meta property=\"article:modified_time\" content=\"2020-03-02T20:31:13+00:00\" \/>\n<meta property=\"og:image\" content=\"https:\/\/galerie.uqam.ca\/wp-content\/uploads\/2018\/02\/Logo_GalerieUQAM.jpg\" \/>\n\t<meta property=\"og:image:width\" content=\"1105\" \/>\n\t<meta property=\"og:image:height\" content=\"1537\" \/>\n\t<meta property=\"og:image:type\" content=\"image\/jpeg\" \/>\n<meta name=\"twitter:card\" content=\"summary_large_image\" \/>\n<meta name=\"twitter:label1\" content=\"Est. reading time\" \/>\n\t<meta name=\"twitter:data1\" content=\"1 minute\" \/>\n<script type=\"application\/ld+json\" class=\"yoast-schema-graph\">{\"@context\":\"https:\\\/\\\/schema.org\",\"@graph\":[{\"@type\":\"WebPage\",\"@id\":\"https:\\\/\\\/galerie.uqam.ca\\\/en\\\/about-les-petits-carnets\\\/\",\"url\":\"https:\\\/\\\/galerie.uqam.ca\\\/en\\\/about-les-petits-carnets\\\/\",\"name\":\"About \u00c9ditions les petits carnets - Galerie de l&#039;UQAM\",\"isPartOf\":{\"@id\":\"https:\\\/\\\/galerie.uqam.ca\\\/#website\"},\"datePublished\":\"2019-02-22T19:42:21+00:00\",\"dateModified\":\"2020-03-02T20:31:13+00:00\",\"breadcrumb\":{\"@id\":\"https:\\\/\\\/galerie.uqam.ca\\\/en\\\/about-les-petits-carnets\\\/#breadcrumb\"},\"inLanguage\":\"en-US\",\"potentialAction\":[{\"@type\":\"ReadAction\",\"target\":[\"https:\\\/\\\/galerie.uqam.ca\\\/en\\\/about-les-petits-carnets\\\/\"]}]},{\"@type\":\"BreadcrumbList\",\"@id\":\"https:\\\/\\\/galerie.uqam.ca\\\/en\\\/about-les-petits-carnets\\\/#breadcrumb\",\"itemListElement\":[{\"@type\":\"ListItem\",\"position\":1,\"name\":\"Home\",\"item\":\"https:\\\/\\\/galerie.uqam.ca\\\/\"},{\"@type\":\"ListItem\",\"position\":2,\"name\":\"About \u00c9ditions les petits carnets\"}]},{\"@type\":\"WebSite\",\"@id\":\"https:\\\/\\\/galerie.uqam.ca\\\/#website\",\"url\":\"https:\\\/\\\/galerie.uqam.ca\\\/\",\"name\":\"Galerie de l&#039;UQAM\",\"description\":\"La Galerie de l\u2019UQAM est une galerie universitaire d\u00e9di\u00e9e \u00e0 l\u2019art contemporain.\",\"publisher\":{\"@id\":\"https:\\\/\\\/galerie.uqam.ca\\\/#organization\"},\"potentialAction\":[{\"@type\":\"SearchAction\",\"target\":{\"@type\":\"EntryPoint\",\"urlTemplate\":\"https:\\\/\\\/galerie.uqam.ca\\\/?s={search_term_string}\"},\"query-input\":{\"@type\":\"PropertyValueSpecification\",\"valueRequired\":true,\"valueName\":\"search_term_string\"}}],\"inLanguage\":\"en-US\"},{\"@type\":\"Organization\",\"@id\":\"https:\\\/\\\/galerie.uqam.ca\\\/#organization\",\"name\":\"Galerie de l&#039;UQAM\",\"url\":\"https:\\\/\\\/galerie.uqam.ca\\\/\",\"logo\":{\"@type\":\"ImageObject\",\"inLanguage\":\"en-US\",\"@id\":\"https:\\\/\\\/galerie.uqam.ca\\\/#\\\/schema\\\/logo\\\/image\\\/\",\"url\":\"https:\\\/\\\/galerie.uqam.ca\\\/wp-content\\\/uploads\\\/2018\\\/02\\\/Logo_GalerieUQAM.jpg\",\"contentUrl\":\"https:\\\/\\\/galerie.uqam.ca\\\/wp-content\\\/uploads\\\/2018\\\/02\\\/Logo_GalerieUQAM.jpg\",\"width\":1105,\"height\":1537,\"caption\":\"Galerie de l&#039;UQAM\"},\"image\":{\"@id\":\"https:\\\/\\\/galerie.uqam.ca\\\/#\\\/schema\\\/logo\\\/image\\\/\"}}]}<\/script>\n<!-- \/ Yoast SEO plugin. -->","yoast_head_json":{"title":"About \u00c9ditions les petits carnets - Galerie de l&#039;UQAM","robots":{"index":"index","follow":"follow","max-snippet":"max-snippet:-1","max-image-preview":"max-image-preview:large","max-video-preview":"max-video-preview:-1"},"canonical":"https:\/\/galerie.uqam.ca\/en\/about-les-petits-carnets\/","og_locale":"en_US","og_type":"article","og_title":"About \u00c9ditions les petits carnets - Galerie de l&#039;UQAM","og_description":"\u00c9ditions les petits carnets\u00a0were created in 1997 by Louise D\u00e9ry and Monique R\u00e9gimbald-Zeiber. They are born of a desire to establish, in art world, a space of writing for free thought. They foster formal and methodological experimentation, as well as innovating relationships between text and image.","og_url":"https:\/\/galerie.uqam.ca\/en\/about-les-petits-carnets\/","og_site_name":"Galerie de l&#039;UQAM","article_modified_time":"2020-03-02T20:31:13+00:00","og_image":[{"width":1105,"height":1537,"url":"https:\/\/galerie.uqam.ca\/wp-content\/uploads\/2018\/02\/Logo_GalerieUQAM.jpg","type":"image\/jpeg"}],"twitter_card":"summary_large_image","twitter_misc":{"Est. reading time":"1 minute"},"schema":{"@context":"https:\/\/schema.org","@graph":[{"@type":"WebPage","@id":"https:\/\/galerie.uqam.ca\/en\/about-les-petits-carnets\/","url":"https:\/\/galerie.uqam.ca\/en\/about-les-petits-carnets\/","name":"About \u00c9ditions les petits carnets - Galerie de l&#039;UQAM","isPartOf":{"@id":"https:\/\/galerie.uqam.ca\/#website"},"datePublished":"2019-02-22T19:42:21+00:00","dateModified":"2020-03-02T20:31:13+00:00","breadcrumb":{"@id":"https:\/\/galerie.uqam.ca\/en\/about-les-petits-carnets\/#breadcrumb"},"inLanguage":"en-US","potentialAction":[{"@type":"ReadAction","target":["https:\/\/galerie.uqam.ca\/en\/about-les-petits-carnets\/"]}]},{"@type":"BreadcrumbList","@id":"https:\/\/galerie.uqam.ca\/en\/about-les-petits-carnets\/#breadcrumb","itemListElement":[{"@type":"ListItem","position":1,"name":"Home","item":"https:\/\/galerie.uqam.ca\/"},{"@type":"ListItem","position":2,"name":"About \u00c9ditions les petits carnets"}]},{"@type":"WebSite","@id":"https:\/\/galerie.uqam.ca\/#website","url":"https:\/\/galerie.uqam.ca\/","name":"Galerie de l&#039;UQAM","description":"La Galerie de l\u2019UQAM est une galerie universitaire d\u00e9di\u00e9e \u00e0 l\u2019art contemporain.","publisher":{"@id":"https:\/\/galerie.uqam.ca\/#organization"},"potentialAction":[{"@type":"SearchAction","target":{"@type":"EntryPoint","urlTemplate":"https:\/\/galerie.uqam.ca\/?s={search_term_string}"},"query-input":{"@type":"PropertyValueSpecification","valueRequired":true,"valueName":"search_term_string"}}],"inLanguage":"en-US"},{"@type":"Organization","@id":"https:\/\/galerie.uqam.ca\/#organization","name":"Galerie de l&#039;UQAM","url":"https:\/\/galerie.uqam.ca\/","logo":{"@type":"ImageObject","inLanguage":"en-US","@id":"https:\/\/galerie.uqam.ca\/#\/schema\/logo\/image\/","url":"https:\/\/galerie.uqam.ca\/wp-content\/uploads\/2018\/02\/Logo_GalerieUQAM.jpg","contentUrl":"https:\/\/galerie.uqam.ca\/wp-content\/uploads\/2018\/02\/Logo_GalerieUQAM.jpg","width":1105,"height":1537,"caption":"Galerie de l&#039;UQAM"},"image":{"@id":"https:\/\/galerie.uqam.ca\/#\/schema\/logo\/image\/"}}]}},"_links":{"self":[{"href":"https:\/\/galerie.uqam.ca\/en\/wp-json\/wp\/v2\/pages\/10886","targetHints":{"allow":["GET"]}}],"collection":[{"href":"https:\/\/galerie.uqam.ca\/en\/wp-json\/wp\/v2\/pages"}],"about":[{"href":"https:\/\/galerie.uqam.ca\/en\/wp-json\/wp\/v2\/types\/page"}],"author":[{"embeddable":true,"href":"https:\/\/galerie.uqam.ca\/en\/wp-json\/wp\/v2\/users\/1"}],"replies":[{"embeddable":true,"href":"https:\/\/galerie.uqam.ca\/en\/wp-json\/wp\/v2\/comments?post=10886"}],"version-history":[{"count":4,"href":"https:\/\/galerie.uqam.ca\/en\/wp-json\/wp\/v2\/pages\/10886\/revisions"}],"predecessor-version":[{"id":13588,"href":"https:\/\/galerie.uqam.ca\/en\/wp-json\/wp\/v2\/pages\/10886\/revisions\/13588"}],"wp:attachment":[{"href":"https:\/\/galerie.uqam.ca\/en\/wp-json\/wp\/v2\/media?parent=10886"}],"curies":[{"name":"wp","href":"https:\/\/api.w.org\/{rel}","templated":true}]}}