{"id":10854,"date":"2019-02-11T16:30:31","date_gmt":"2019-02-11T21:30:31","guid":{"rendered":"https:\/\/galerie2017.uqam.ca\/about\/history\/"},"modified":"2019-02-11T16:30:34","modified_gmt":"2019-02-11T21:30:34","slug":"history","status":"publish","type":"page","link":"https:\/\/galerie.uqam.ca\/en\/contact\/history\/","title":{"rendered":"History"},"content":{"rendered":"<p><\/p><p>From its inception, Galerie de l\u2019UQAM has endeavoured to serve the student community and visual\/contemporary arts milieus at large, while welcoming the general public to our many activities, which are entirely free. Galerie de l\u2019UQAM\u2019s reputation has been won through a rich presentation history of over 700 exhibitions, including stylistic and thematic surveys, focuses on Qu\u00e9bec, Canadian and international artists, and experimental projects by both emerging and established artists, as attested by over one hundred exhibition catalogues and visitors\u2019 guides. Over \u00be of a million people have visited Galerie de l\u2019UQAM over the years, in addition to the 50,000 viewers and users who come into contact with the public artworks installed throughout the campus, or with touring exhibitions we have arranged, not to mention the thousands who interact with our online content and social media. Currently, Galerie de l&#8217;UQAM&#8217;s attendance rates are between 20,000 and 25,000 visitors per year. Our dual mottos, <strong>L\u2019art existe <\/strong>(\u201cArt exists\u201d) and <strong>L\u2019art observe <\/strong>(\u201cArt observes\u201d), express our parallel commitments to both displaying artistic practices and creating a forum for examining the discourse, reception, and experience of contemporary art with and by our audiences.<\/p><p> <\/p><p>Galerie de l\u2019UQAM began as a collection of artworks inherited from the former \u00c9cole des beaux-arts de Montr\u00e9al. Originally named the Collection d\u2019oeuvres d\u2019art de l\u2019UQAM, the entity was founded under the aegis of the Famille des arts in 1969. Under its first head curator, Prof. Umberto Bruni, an exhibitions program was put into place that allowed the Collection to be transformed three years later into a university exhibition space. Renamed Galerie de l\u2019UQAM in 1975, the exhibition space moved to its current location in late 1979. This space in the Judith-Jasmin Pavilion, at the corner of Berri and Saint Catherine Street East, greatly boosted our presence beyond the campus community, and furthered outreach to the general public. Luc Monette was director of Galerie de l\u2019UQAM from 1978 to 1995, followed by Chantal Bouthat and Rose-Marie Arbour.<\/p><p> <\/p><p>Since 1997, Galerie de l\u2019UQAM\u2019s status as a professional centre for contemporary art was bolstered when its directorship was assumed by current chief curator Louise D\u00e9ry, who instituted several policy and structural changes, namely the first 3-year strategic plan (1998); updating the Mission and Bylaws (2003); creating an Acquisitions Policy (2003); updating the definitions of the exhibition selection and management committees\u2019 roles and membership (2004); and creating a Research Policy (2006). This gradual management reboot led to decisions regarding a focus on programming excellence, inter-institutional networking, partnerships, and several new initiatives including La petite collection, a cabinet of wonders created for research purposes, and the founding, in 2009, of a biennial artist residency that foregrounds the two-directional activities of exhibiting and exploring, displaying and interpreting.<\/p><p> <\/p><p>Galerie de l\u2019UQAM is currently one of the leading university art galleries in Canada, namely due to its international touring exhibition initiatives. Its reputation has been well-earned from major recent accomplishments, including the appointment of Louise D\u00e9ry as curator of the Canadian Pavilion at the Venice Biennale in 2007, with artist David Altmejd; performance interventions by Rapha\u00eblle de Groot and Jean-Pierre Aub\u00e9 at the 2013 and 2017 Venice Biennales; launching the acclaimed <em>Painting Project, <\/em>which brought together works by 60 Canadian artists and is viewable online; and numerous exhibitions by major international artists \u2013 that in turn opened doors for artists from here to be shown abroad.<\/p><p> <\/p><p>Galerie de l\u2019UQAM has been increasingly attuned to the need for greater awareness of issues that intersect with diversity and curation, and regularly exhibits work by artists of various heritages and identities, never shying away from self-examination and critique. Periodically, Galerie de l\u2019UQAM presents projects that trade in the interplay with other forms of knowledge, such as philosophy, science, and politics. Galerie de l\u2019UQAM has received numerous recognitions for the high quality of its work, which can also be felt in the strength of its reputation throughout the contemporary art community. Galerie de l\u2019UQAM has been a ceaseless powerhouse of productivity with a field of vision that expands beyond the corners of its frame, and there\u2019s no sign of it letting up any time soon.<\/p><p><\/p>","protected":false},"excerpt":{"rendered":"<p>Created in 1969 by the Famille des arts, Galerie de l&#8217;UQAM was born from a collection inherited from the \u00c9cole des beaux-arts de Montr\u00e9al. Today, it is positioned as a leading university galleries in Canada and as a major player in the contemporary art scene.<\/p>\n","protected":false},"author":1,"featured_media":0,"parent":10492,"menu_order":0,"comment_status":"closed","ping_status":"closed","template":"","meta":{"_acf_changed":false,"_monsterinsights_skip_tracking":false,"_monsterinsights_sitenote_active":false,"_monsterinsights_sitenote_note":"","_monsterinsights_sitenote_category":0,"footnotes":""},"class_list":["post-10854","page","type-page","status-publish","hentry"],"acf":[],"yoast_head":"<!-- This site is optimized with the Yoast SEO plugin v27.4 - https:\/\/yoast.com\/product\/yoast-seo-wordpress\/ -->\n<title>History - Galerie de l&#039;UQAM<\/title>\n<meta name=\"robots\" content=\"index, follow, max-snippet:-1, max-image-preview:large, max-video-preview:-1\" \/>\n<link rel=\"canonical\" href=\"https:\/\/galerie.uqam.ca\/en\/contact\/history\/\" \/>\n<meta property=\"og:locale\" content=\"en_US\" \/>\n<meta property=\"og:type\" content=\"article\" \/>\n<meta property=\"og:title\" content=\"History - Galerie de l&#039;UQAM\" \/>\n<meta property=\"og:description\" content=\"Created in 1969 by the Famille des arts, Galerie de l&#039;UQAM was born from a collection inherited from the \u00c9cole des beaux-arts de Montr\u00e9al. Today, it is positioned as a leading university galleries in Canada and as a major player in the contemporary art scene.\" \/>\n<meta property=\"og:url\" content=\"https:\/\/galerie.uqam.ca\/en\/contact\/history\/\" \/>\n<meta property=\"og:site_name\" content=\"Galerie de l&#039;UQAM\" \/>\n<meta property=\"article:modified_time\" content=\"2019-02-11T21:30:34+00:00\" \/>\n<meta property=\"og:image\" content=\"https:\/\/galerie.uqam.ca\/wp-content\/uploads\/2018\/02\/Logo_GalerieUQAM.jpg\" \/>\n\t<meta property=\"og:image:width\" content=\"1105\" \/>\n\t<meta property=\"og:image:height\" content=\"1537\" \/>\n\t<meta property=\"og:image:type\" content=\"image\/jpeg\" \/>\n<meta name=\"twitter:card\" content=\"summary_large_image\" \/>\n<meta name=\"twitter:label1\" content=\"Est. reading time\" \/>\n\t<meta name=\"twitter:data1\" content=\"3 minutes\" \/>\n<script type=\"application\/ld+json\" class=\"yoast-schema-graph\">{\"@context\":\"https:\\\/\\\/schema.org\",\"@graph\":[{\"@type\":\"WebPage\",\"@id\":\"https:\\\/\\\/galerie.uqam.ca\\\/en\\\/contact\\\/history\\\/\",\"url\":\"https:\\\/\\\/galerie.uqam.ca\\\/en\\\/contact\\\/history\\\/\",\"name\":\"History - Galerie de l&#039;UQAM\",\"isPartOf\":{\"@id\":\"https:\\\/\\\/galerie.uqam.ca\\\/#website\"},\"datePublished\":\"2019-02-11T21:30:31+00:00\",\"dateModified\":\"2019-02-11T21:30:34+00:00\",\"breadcrumb\":{\"@id\":\"https:\\\/\\\/galerie.uqam.ca\\\/en\\\/contact\\\/history\\\/#breadcrumb\"},\"inLanguage\":\"en-US\",\"potentialAction\":[{\"@type\":\"ReadAction\",\"target\":[\"https:\\\/\\\/galerie.uqam.ca\\\/en\\\/contact\\\/history\\\/\"]}]},{\"@type\":\"BreadcrumbList\",\"@id\":\"https:\\\/\\\/galerie.uqam.ca\\\/en\\\/contact\\\/history\\\/#breadcrumb\",\"itemListElement\":[{\"@type\":\"ListItem\",\"position\":1,\"name\":\"Home\",\"item\":\"https:\\\/\\\/galerie.uqam.ca\\\/\"},{\"@type\":\"ListItem\",\"position\":2,\"name\":\"Contact\",\"item\":\"https:\\\/\\\/galerie.uqam.ca\\\/en\\\/contact\\\/\"},{\"@type\":\"ListItem\",\"position\":3,\"name\":\"History\"}]},{\"@type\":\"WebSite\",\"@id\":\"https:\\\/\\\/galerie.uqam.ca\\\/#website\",\"url\":\"https:\\\/\\\/galerie.uqam.ca\\\/\",\"name\":\"Galerie de l&#039;UQAM\",\"description\":\"La Galerie de l\u2019UQAM est une galerie universitaire d\u00e9di\u00e9e \u00e0 l\u2019art contemporain.\",\"publisher\":{\"@id\":\"https:\\\/\\\/galerie.uqam.ca\\\/#organization\"},\"potentialAction\":[{\"@type\":\"SearchAction\",\"target\":{\"@type\":\"EntryPoint\",\"urlTemplate\":\"https:\\\/\\\/galerie.uqam.ca\\\/?s={search_term_string}\"},\"query-input\":{\"@type\":\"PropertyValueSpecification\",\"valueRequired\":true,\"valueName\":\"search_term_string\"}}],\"inLanguage\":\"en-US\"},{\"@type\":\"Organization\",\"@id\":\"https:\\\/\\\/galerie.uqam.ca\\\/#organization\",\"name\":\"Galerie de l&#039;UQAM\",\"url\":\"https:\\\/\\\/galerie.uqam.ca\\\/\",\"logo\":{\"@type\":\"ImageObject\",\"inLanguage\":\"en-US\",\"@id\":\"https:\\\/\\\/galerie.uqam.ca\\\/#\\\/schema\\\/logo\\\/image\\\/\",\"url\":\"https:\\\/\\\/galerie.uqam.ca\\\/wp-content\\\/uploads\\\/2018\\\/02\\\/Logo_GalerieUQAM.jpg\",\"contentUrl\":\"https:\\\/\\\/galerie.uqam.ca\\\/wp-content\\\/uploads\\\/2018\\\/02\\\/Logo_GalerieUQAM.jpg\",\"width\":1105,\"height\":1537,\"caption\":\"Galerie de l&#039;UQAM\"},\"image\":{\"@id\":\"https:\\\/\\\/galerie.uqam.ca\\\/#\\\/schema\\\/logo\\\/image\\\/\"}}]}<\/script>\n<!-- \/ Yoast SEO plugin. -->","yoast_head_json":{"title":"History - Galerie de l&#039;UQAM","robots":{"index":"index","follow":"follow","max-snippet":"max-snippet:-1","max-image-preview":"max-image-preview:large","max-video-preview":"max-video-preview:-1"},"canonical":"https:\/\/galerie.uqam.ca\/en\/contact\/history\/","og_locale":"en_US","og_type":"article","og_title":"History - Galerie de l&#039;UQAM","og_description":"Created in 1969 by the Famille des arts, Galerie de l'UQAM was born from a collection inherited from the \u00c9cole des beaux-arts de Montr\u00e9al. Today, it is positioned as a leading university galleries in Canada and as a major player in the contemporary art scene.","og_url":"https:\/\/galerie.uqam.ca\/en\/contact\/history\/","og_site_name":"Galerie de l&#039;UQAM","article_modified_time":"2019-02-11T21:30:34+00:00","og_image":[{"width":1105,"height":1537,"url":"https:\/\/galerie.uqam.ca\/wp-content\/uploads\/2018\/02\/Logo_GalerieUQAM.jpg","type":"image\/jpeg"}],"twitter_card":"summary_large_image","twitter_misc":{"Est. reading time":"3 minutes"},"schema":{"@context":"https:\/\/schema.org","@graph":[{"@type":"WebPage","@id":"https:\/\/galerie.uqam.ca\/en\/contact\/history\/","url":"https:\/\/galerie.uqam.ca\/en\/contact\/history\/","name":"History - Galerie de l&#039;UQAM","isPartOf":{"@id":"https:\/\/galerie.uqam.ca\/#website"},"datePublished":"2019-02-11T21:30:31+00:00","dateModified":"2019-02-11T21:30:34+00:00","breadcrumb":{"@id":"https:\/\/galerie.uqam.ca\/en\/contact\/history\/#breadcrumb"},"inLanguage":"en-US","potentialAction":[{"@type":"ReadAction","target":["https:\/\/galerie.uqam.ca\/en\/contact\/history\/"]}]},{"@type":"BreadcrumbList","@id":"https:\/\/galerie.uqam.ca\/en\/contact\/history\/#breadcrumb","itemListElement":[{"@type":"ListItem","position":1,"name":"Home","item":"https:\/\/galerie.uqam.ca\/"},{"@type":"ListItem","position":2,"name":"Contact","item":"https:\/\/galerie.uqam.ca\/en\/contact\/"},{"@type":"ListItem","position":3,"name":"History"}]},{"@type":"WebSite","@id":"https:\/\/galerie.uqam.ca\/#website","url":"https:\/\/galerie.uqam.ca\/","name":"Galerie de l&#039;UQAM","description":"La Galerie de l\u2019UQAM est une galerie universitaire d\u00e9di\u00e9e \u00e0 l\u2019art contemporain.","publisher":{"@id":"https:\/\/galerie.uqam.ca\/#organization"},"potentialAction":[{"@type":"SearchAction","target":{"@type":"EntryPoint","urlTemplate":"https:\/\/galerie.uqam.ca\/?s={search_term_string}"},"query-input":{"@type":"PropertyValueSpecification","valueRequired":true,"valueName":"search_term_string"}}],"inLanguage":"en-US"},{"@type":"Organization","@id":"https:\/\/galerie.uqam.ca\/#organization","name":"Galerie de l&#039;UQAM","url":"https:\/\/galerie.uqam.ca\/","logo":{"@type":"ImageObject","inLanguage":"en-US","@id":"https:\/\/galerie.uqam.ca\/#\/schema\/logo\/image\/","url":"https:\/\/galerie.uqam.ca\/wp-content\/uploads\/2018\/02\/Logo_GalerieUQAM.jpg","contentUrl":"https:\/\/galerie.uqam.ca\/wp-content\/uploads\/2018\/02\/Logo_GalerieUQAM.jpg","width":1105,"height":1537,"caption":"Galerie de l&#039;UQAM"},"image":{"@id":"https:\/\/galerie.uqam.ca\/#\/schema\/logo\/image\/"}}]}},"_links":{"self":[{"href":"https:\/\/galerie.uqam.ca\/en\/wp-json\/wp\/v2\/pages\/10854","targetHints":{"allow":["GET"]}}],"collection":[{"href":"https:\/\/galerie.uqam.ca\/en\/wp-json\/wp\/v2\/pages"}],"about":[{"href":"https:\/\/galerie.uqam.ca\/en\/wp-json\/wp\/v2\/types\/page"}],"author":[{"embeddable":true,"href":"https:\/\/galerie.uqam.ca\/en\/wp-json\/wp\/v2\/users\/1"}],"replies":[{"embeddable":true,"href":"https:\/\/galerie.uqam.ca\/en\/wp-json\/wp\/v2\/comments?post=10854"}],"version-history":[{"count":1,"href":"https:\/\/galerie.uqam.ca\/en\/wp-json\/wp\/v2\/pages\/10854\/revisions"}],"predecessor-version":[{"id":10855,"href":"https:\/\/galerie.uqam.ca\/en\/wp-json\/wp\/v2\/pages\/10854\/revisions\/10855"}],"up":[{"embeddable":true,"href":"https:\/\/galerie.uqam.ca\/en\/wp-json\/wp\/v2\/pages\/10492"}],"wp:attachment":[{"href":"https:\/\/galerie.uqam.ca\/en\/wp-json\/wp\/v2\/media?parent=10854"}],"curies":[{"name":"wp","href":"https:\/\/api.w.org\/{rel}","templated":true}]}}