{"id":10492,"date":"2018-12-11T11:03:02","date_gmt":"2018-12-11T16:03:02","guid":{"rendered":"https:\/\/galerie2017.uqam.ca\/about\/"},"modified":"2023-11-02T10:41:25","modified_gmt":"2023-11-02T14:41:25","slug":"contact","status":"publish","type":"page","link":"https:\/\/galerie.uqam.ca\/en\/contact\/","title":{"rendered":"Contact"},"content":{"rendered":"<div class=\"su-row\">\n<div class=\"su-column su-column-size-1-3\"><div class=\"su-column-inner su-u-clearfix su-u-trim\">\n<h2>Street address<br \/>\nExhibition halls<\/h2>\n<p>Galerie de l\u2019UQAM<br \/>\nUniversit\u00e9 du Qu\u00e9bec \u00e0 Montr\u00e9al<br \/>\n1400 Berri Street (corner of Sainte-Catherine East)<br \/>\nJudith-Jasmin Building, Room J-R120<br \/>\nMontr\u00e9al (Qu\u00e9bec)<br \/>\nH2L 4E3<br \/>\nBerri-UQAM metro station<\/p>\n<h3>Opening hours:<\/h3>\n<p>Tuesday &#8211; Saturday, noon &#8211; 6 p.m.<\/p>\n<h3>Information:<\/h3>\n<p>514 987-6150<br \/>\n<a href=\"mailto:galerie@uqam.ca\">galerie@uqam.ca<\/a><\/p>\n<\/div><\/div>\n<div class=\"su-column su-column-size-1-3\"><div class=\"su-column-inner su-u-clearfix su-u-trim\">\n<h2>Street address<br \/>\nAdministration and courier<\/h2>\n<p>Galerie de l\u2019UQAM<br \/>\nUniversit\u00e9 du Qu\u00e9bec \u00e0 Montr\u00e9al<br \/>\n1400 Berri Street (corner of Sainte-Catherine East)<br \/>\nJudith-Jasmin Building, Room J-R205<br \/>\nMontr\u00e9al (Qu\u00e9bec)<br \/>\nH2L 4E3<br \/>\nBerri-UQAM metro station<\/p>\n<h3>Office hours:<\/h3>\n<p>Monday &#8211; Friday, 9 a.m. &#8211; 5 p.m.<br \/>\nPhone: 514 987-6150<br \/>\nFax: 514 987-6897<\/p>\n<\/div><\/div>\n<div class=\"su-column su-column-size-1-3\"><div class=\"su-column-inner su-u-clearfix su-u-trim\">\n<h2>Mailing address<\/h2>\n<p>Galerie de l\u2019UQAM<br \/>\nCase postale 8888<br \/>\nSuccursale Centre-ville<br \/>\nMontr\u00e9al (Qu\u00e9bec)<br \/>\nH3C 3P8<br \/>\nCanada<\/p>\n<div class=\"su-gmap su-u-responsive-media-yes\"><iframe loading=\"lazy\" width=\"480\" height=\"320\" src=\"\/\/maps.google.com\/maps?q=Galerie%20uqam&amp;output=embed\" title=\"\"><\/iframe><\/div><\/div><\/div>\n<\/div>\n","protected":false},"excerpt":{"rendered":"","protected":false},"author":1,"featured_media":0,"parent":0,"menu_order":0,"comment_status":"closed","ping_status":"closed","template":"page-pleine-largeur.php","meta":{"_acf_changed":false,"_monsterinsights_skip_tracking":false,"_monsterinsights_sitenote_active":false,"_monsterinsights_sitenote_note":"","_monsterinsights_sitenote_category":0,"footnotes":""},"class_list":["post-10492","page","type-page","status-publish","hentry"],"acf":[],"yoast_head":"<!-- This site is optimized with the Yoast SEO plugin v27.4 - https:\/\/yoast.com\/product\/yoast-seo-wordpress\/ -->\n<title>Contact - Galerie de l&#039;UQAM<\/title>\n<meta name=\"robots\" content=\"index, follow, max-snippet:-1, max-image-preview:large, max-video-preview:-1\" \/>\n<link rel=\"canonical\" href=\"https:\/\/galerie.uqam.ca\/en\/contact\/\" \/>\n<meta property=\"og:locale\" content=\"en_US\" \/>\n<meta property=\"og:type\" content=\"article\" \/>\n<meta property=\"og:title\" content=\"Contact - Galerie de l&#039;UQAM\" \/>\n<meta property=\"og:url\" content=\"https:\/\/galerie.uqam.ca\/en\/contact\/\" \/>\n<meta property=\"og:site_name\" content=\"Galerie de l&#039;UQAM\" \/>\n<meta property=\"article:modified_time\" content=\"2023-11-02T14:41:25+00:00\" \/>\n<meta property=\"og:image\" content=\"https:\/\/galerie.uqam.ca\/wp-content\/uploads\/2018\/02\/Logo_GalerieUQAM.jpg\" \/>\n\t<meta property=\"og:image:width\" content=\"1105\" \/>\n\t<meta property=\"og:image:height\" content=\"1537\" \/>\n\t<meta property=\"og:image:type\" content=\"image\/jpeg\" \/>\n<meta name=\"twitter:card\" content=\"summary_large_image\" \/>\n<meta name=\"twitter:label1\" content=\"Est. reading time\" \/>\n\t<meta name=\"twitter:data1\" content=\"1 minute\" \/>\n<script type=\"application\/ld+json\" class=\"yoast-schema-graph\">{\"@context\":\"https:\\\/\\\/schema.org\",\"@graph\":[{\"@type\":\"WebPage\",\"@id\":\"https:\\\/\\\/galerie.uqam.ca\\\/en\\\/contact\\\/\",\"url\":\"https:\\\/\\\/galerie.uqam.ca\\\/en\\\/contact\\\/\",\"name\":\"Contact - Galerie de l&#039;UQAM\",\"isPartOf\":{\"@id\":\"https:\\\/\\\/galerie.uqam.ca\\\/#website\"},\"datePublished\":\"2018-12-11T16:03:02+00:00\",\"dateModified\":\"2023-11-02T14:41:25+00:00\",\"breadcrumb\":{\"@id\":\"https:\\\/\\\/galerie.uqam.ca\\\/en\\\/contact\\\/#breadcrumb\"},\"inLanguage\":\"en-US\",\"potentialAction\":[{\"@type\":\"ReadAction\",\"target\":[\"https:\\\/\\\/galerie.uqam.ca\\\/en\\\/contact\\\/\"]}]},{\"@type\":\"BreadcrumbList\",\"@id\":\"https:\\\/\\\/galerie.uqam.ca\\\/en\\\/contact\\\/#breadcrumb\",\"itemListElement\":[{\"@type\":\"ListItem\",\"position\":1,\"name\":\"Home\",\"item\":\"https:\\\/\\\/galerie.uqam.ca\\\/\"},{\"@type\":\"ListItem\",\"position\":2,\"name\":\"Contact\"}]},{\"@type\":\"WebSite\",\"@id\":\"https:\\\/\\\/galerie.uqam.ca\\\/#website\",\"url\":\"https:\\\/\\\/galerie.uqam.ca\\\/\",\"name\":\"Galerie de l&#039;UQAM\",\"description\":\"La Galerie de l\u2019UQAM est une galerie universitaire d\u00e9di\u00e9e \u00e0 l\u2019art contemporain.\",\"publisher\":{\"@id\":\"https:\\\/\\\/galerie.uqam.ca\\\/#organization\"},\"potentialAction\":[{\"@type\":\"SearchAction\",\"target\":{\"@type\":\"EntryPoint\",\"urlTemplate\":\"https:\\\/\\\/galerie.uqam.ca\\\/?s={search_term_string}\"},\"query-input\":{\"@type\":\"PropertyValueSpecification\",\"valueRequired\":true,\"valueName\":\"search_term_string\"}}],\"inLanguage\":\"en-US\"},{\"@type\":\"Organization\",\"@id\":\"https:\\\/\\\/galerie.uqam.ca\\\/#organization\",\"name\":\"Galerie de l&#039;UQAM\",\"url\":\"https:\\\/\\\/galerie.uqam.ca\\\/\",\"logo\":{\"@type\":\"ImageObject\",\"inLanguage\":\"en-US\",\"@id\":\"https:\\\/\\\/galerie.uqam.ca\\\/#\\\/schema\\\/logo\\\/image\\\/\",\"url\":\"https:\\\/\\\/galerie.uqam.ca\\\/wp-content\\\/uploads\\\/2018\\\/02\\\/Logo_GalerieUQAM.jpg\",\"contentUrl\":\"https:\\\/\\\/galerie.uqam.ca\\\/wp-content\\\/uploads\\\/2018\\\/02\\\/Logo_GalerieUQAM.jpg\",\"width\":1105,\"height\":1537,\"caption\":\"Galerie de l&#039;UQAM\"},\"image\":{\"@id\":\"https:\\\/\\\/galerie.uqam.ca\\\/#\\\/schema\\\/logo\\\/image\\\/\"}}]}<\/script>\n<!-- \/ Yoast SEO plugin. -->","yoast_head_json":{"title":"Contact - Galerie de l&#039;UQAM","robots":{"index":"index","follow":"follow","max-snippet":"max-snippet:-1","max-image-preview":"max-image-preview:large","max-video-preview":"max-video-preview:-1"},"canonical":"https:\/\/galerie.uqam.ca\/en\/contact\/","og_locale":"en_US","og_type":"article","og_title":"Contact - Galerie de l&#039;UQAM","og_url":"https:\/\/galerie.uqam.ca\/en\/contact\/","og_site_name":"Galerie de l&#039;UQAM","article_modified_time":"2023-11-02T14:41:25+00:00","og_image":[{"width":1105,"height":1537,"url":"https:\/\/galerie.uqam.ca\/wp-content\/uploads\/2018\/02\/Logo_GalerieUQAM.jpg","type":"image\/jpeg"}],"twitter_card":"summary_large_image","twitter_misc":{"Est. reading time":"1 minute"},"schema":{"@context":"https:\/\/schema.org","@graph":[{"@type":"WebPage","@id":"https:\/\/galerie.uqam.ca\/en\/contact\/","url":"https:\/\/galerie.uqam.ca\/en\/contact\/","name":"Contact - Galerie de l&#039;UQAM","isPartOf":{"@id":"https:\/\/galerie.uqam.ca\/#website"},"datePublished":"2018-12-11T16:03:02+00:00","dateModified":"2023-11-02T14:41:25+00:00","breadcrumb":{"@id":"https:\/\/galerie.uqam.ca\/en\/contact\/#breadcrumb"},"inLanguage":"en-US","potentialAction":[{"@type":"ReadAction","target":["https:\/\/galerie.uqam.ca\/en\/contact\/"]}]},{"@type":"BreadcrumbList","@id":"https:\/\/galerie.uqam.ca\/en\/contact\/#breadcrumb","itemListElement":[{"@type":"ListItem","position":1,"name":"Home","item":"https:\/\/galerie.uqam.ca\/"},{"@type":"ListItem","position":2,"name":"Contact"}]},{"@type":"WebSite","@id":"https:\/\/galerie.uqam.ca\/#website","url":"https:\/\/galerie.uqam.ca\/","name":"Galerie de l&#039;UQAM","description":"La Galerie de l\u2019UQAM est une galerie universitaire d\u00e9di\u00e9e \u00e0 l\u2019art contemporain.","publisher":{"@id":"https:\/\/galerie.uqam.ca\/#organization"},"potentialAction":[{"@type":"SearchAction","target":{"@type":"EntryPoint","urlTemplate":"https:\/\/galerie.uqam.ca\/?s={search_term_string}"},"query-input":{"@type":"PropertyValueSpecification","valueRequired":true,"valueName":"search_term_string"}}],"inLanguage":"en-US"},{"@type":"Organization","@id":"https:\/\/galerie.uqam.ca\/#organization","name":"Galerie de l&#039;UQAM","url":"https:\/\/galerie.uqam.ca\/","logo":{"@type":"ImageObject","inLanguage":"en-US","@id":"https:\/\/galerie.uqam.ca\/#\/schema\/logo\/image\/","url":"https:\/\/galerie.uqam.ca\/wp-content\/uploads\/2018\/02\/Logo_GalerieUQAM.jpg","contentUrl":"https:\/\/galerie.uqam.ca\/wp-content\/uploads\/2018\/02\/Logo_GalerieUQAM.jpg","width":1105,"height":1537,"caption":"Galerie de l&#039;UQAM"},"image":{"@id":"https:\/\/galerie.uqam.ca\/#\/schema\/logo\/image\/"}}]}},"_links":{"self":[{"href":"https:\/\/galerie.uqam.ca\/en\/wp-json\/wp\/v2\/pages\/10492","targetHints":{"allow":["GET"]}}],"collection":[{"href":"https:\/\/galerie.uqam.ca\/en\/wp-json\/wp\/v2\/pages"}],"about":[{"href":"https:\/\/galerie.uqam.ca\/en\/wp-json\/wp\/v2\/types\/page"}],"author":[{"embeddable":true,"href":"https:\/\/galerie.uqam.ca\/en\/wp-json\/wp\/v2\/users\/1"}],"replies":[{"embeddable":true,"href":"https:\/\/galerie.uqam.ca\/en\/wp-json\/wp\/v2\/comments?post=10492"}],"version-history":[{"count":16,"href":"https:\/\/galerie.uqam.ca\/en\/wp-json\/wp\/v2\/pages\/10492\/revisions"}],"predecessor-version":[{"id":23585,"href":"https:\/\/galerie.uqam.ca\/en\/wp-json\/wp\/v2\/pages\/10492\/revisions\/23585"}],"wp:attachment":[{"href":"https:\/\/galerie.uqam.ca\/en\/wp-json\/wp\/v2\/media?parent=10492"}],"curies":[{"name":"wp","href":"https:\/\/api.w.org\/{rel}","templated":true}]}}